{"id":16530,"date":"2023-02-18T13:06:38","date_gmt":"2023-02-18T13:06:38","guid":{"rendered":"https:\/\/betterplaceweb.com\/?page_id=16530"},"modified":"2023-06-14T15:51:15","modified_gmt":"2023-06-14T15:51:15","slug":"betterplace-alquila","status":"publish","type":"page","link":"https:\/\/betterplaceweb.com\/fr\/subvenciones\/betterplace-alquila\/","title":{"rendered":"Betterplace Alquila"},"content":{"rendered":"[vc_row type=&#8221;full_width_background&#8221; full_screen_row_position=&#8221;middle&#8221; column_margin=&#8221;default&#8221; column_direction=&#8221;default&#8221; column_direction_tablet=&#8221;default&#8221; column_direction_phone=&#8221;default&#8221; bg_color=&#8221;#ffffff&#8221; scene_position=&#8221;center&#8221; top_padding=&#8221;0&#8243; bottom_padding=&#8221;20&#8243; text_color=&#8221;dark&#8221; text_align=&#8221;left&#8221; row_border_radius=&#8221;none&#8221; row_border_radius_applies=&#8221;bg&#8221; overlay_strength=&#8221;0.3&#8243; gradient_direction=&#8221;left_to_right&#8221; shape_divider_position=&#8221;bottom&#8221; bg_image_animation=&#8221;none&#8221; shape_type=&#8221;&#8221;][vc_column column_padding=&#8221;no-extra-padding&#8221; column_padding_tablet=&#8221;inherit&#8221; column_padding_phone=&#8221;inherit&#8221; column_padding_position=&#8221;all&#8221; top_margin=&#8221;50&#8243; bottom_margin=&#8221;50&#8243; background_color=&#8221;#ffffff&#8221; background_color_opacity=&#8221;1&#8243; background_hover_color_opacity=&#8221;1&#8243; column_shadow=&#8221;none&#8221; column_border_radius=&#8221;none&#8221; column_link_target=&#8221;_self&#8221; gradient_direction=&#8221;left_to_right&#8221; overlay_strength=&#8221;0.3&#8243; width=&#8221;1\/1&#8243; tablet_width_inherit=&#8221;default&#8221; tablet_text_alignment=&#8221;default&#8221; phone_text_alignment=&#8221;default&#8221; column_border_width=&#8221;none&#8221; column_border_style=&#8221;solid&#8221; bg_image_animation=&#8221;none&#8221;][nectar_highlighted_text color_type=&#8221;regular&#8221; style=&#8221;full_text&#8221;]\n<h1 style=\"text-align: center;\"><span style=\"color: #fdc300;\">Betterplace Alquila<\/span><\/h1>\n[\/nectar_highlighted_text][\/vc_column][\/vc_row][vc_row type=&#8221;in_container&#8221; full_screen_row_position=&#8221;middle&#8221; column_margin=&#8221;default&#8221; column_direction=&#8221;default&#8221; column_direction_tablet=&#8221;default&#8221; column_direction_phone=&#8221;default&#8221; scene_position=&#8221;center&#8221; text_color=&#8221;dark&#8221; text_align=&#8221;left&#8221; row_border_radius=&#8221;none&#8221; row_border_radius_applies=&#8221;bg&#8221; overlay_strength=&#8221;0.3&#8243; gradient_direction=&#8221;left_to_right&#8221; shape_divider_position=&#8221;bottom&#8221; bg_image_animation=&#8221;none&#8221;][vc_column column_padding=&#8221;no-extra-padding&#8221; column_padding_tablet=&#8221;inherit&#8221; column_padding_phone=&#8221;inherit&#8221; column_padding_position=&#8221;all&#8221; background_color_opacity=&#8221;1&#8243; background_hover_color_opacity=&#8221;1&#8243; column_shadow=&#8221;none&#8221; column_border_radius=&#8221;none&#8221; column_link_target=&#8221;_self&#8221; gradient_direction=&#8221;left_to_right&#8221; overlay_strength=&#8221;0.3&#8243; width=&#8221;1\/1&#8243; tablet_width_inherit=&#8221;default&#8221; tablet_text_alignment=&#8221;default&#8221; phone_text_alignment=&#8221;default&#8221; column_border_width=&#8221;none&#8221; column_border_style=&#8221;solid&#8221; bg_image_animation=&#8221;none&#8221;][vc_column_text]\n<p style=\"text-align: justify;\"><span style=\"font-weight: 400;\">El proyecto BP-Alquila consiste en una aplicaci\u00f3n inform\u00e1tica que mediante el uso de un conjunto de herramientas permite la manipulaci\u00f3n y an\u00e1lisis de datos vinculados a una referencia espacial, facilitando la incorporaci\u00f3n de aspectos sociales-culturales, econ\u00f3micos, ambientales, de predicci\u00f3n por tendencias de mercado, etc. que conducen a una serie de recomendaciones (en forma de informes, valoraciones y recomendaciones) que facilitan la toma de decisiones de una manera m\u00e1s eficaz y maximizan las probabilidades de acierto.\u00a0<\/span><\/p>\n<p style=\"text-align: justify;\"><span style=\"font-weight: 400;\">Concretamente, se trata de proporcionar informaci\u00f3n de valor ayudando agencias inmobiliarias a tomar decisiones estrat\u00e9gicas:\u00a0<\/span><\/p>\n<ul style=\"text-align: justify;\">\n<li><span style=\"font-weight: 400;\">\u00bfEn qu\u00e9 zona(s) se encuentran las mejores oportunidades?\u00a0<\/span><\/li>\n<li><span style=\"font-weight: 400;\">\u00bfDentro de esas zonas, qu\u00e9 propiedades son m\u00e1s atractivas dependiendo de sus caracter\u00edsticas?\u00a0<\/span><\/li>\n<li><span style=\"font-weight: 400;\">\u00bfCual es la mejor opci\u00f3n de salida de cada propiedad?<\/span><\/li>\n<\/ul>\n<p style=\"text-align: justify;\"><span style=\"font-weight: 400;\">Se trata de contestar a esas preguntas en base a una serie de datos recopilados online a trav\u00e9s de robots dise\u00f1ados a medida para rastrear la informaci\u00f3n necesaria. La informaci\u00f3n se almacena en bases de datos geoespaciales con una gran cantidad de datos de tipo Big Data. Para poder analizar la informaci\u00f3n y presentarla de manera inteligible, se han elaborado algoritmos a medida.<\/span><\/p>\n<p style=\"text-align: justify;\"><span style=\"font-weight: 400;\">Los resultados del proyecto son los siguientes:<\/span><\/p>\n<ul style=\"text-align: justify;\">\n<li><span style=\"font-weight: 400;\">Dise\u00f1o de una serie de m\u00e9tricas relevantes para la toma de decisiones estrat\u00e9gicas en el mundo inmobiliario, tales como la rentabilidad de una propiedad, el tiempo medio de salida al mercado, o el precio al que se tiene que publicar una propiedad para venderse.<\/span><\/li>\n<li><span style=\"font-weight: 400;\">Habilitaci\u00f3n de un sistema flexible que permite al usuario gestionar y personalizar sus <\/span><span style=\"font-weight: 400;\">sistemas de visualizaci\u00f3n y explotaci\u00f3n de la informaci\u00f3n.<\/span><\/li>\n<li><span style=\"font-weight: 400;\">Elaboraci\u00f3n de informes con informaci\u00f3n visual y gr\u00e1ficos personalizados.<\/span><\/li>\n<\/ul>\n<p style=\"text-align: justify;\"><span style=\"font-weight: 400;\">El proyecto se ha llevado a cabo gracias a la ayuda del Gobierno del Principado <\/span><span style=\"font-weight: 400;\">de Asturias a trav\u00e9s del IDEPA, del Plan de Ciencia Tecnolog\u00eda e Innovaci\u00f3n (PCTI) 2018-2022, y de la Uni\u00f3n Europea a trav\u00e9s del FEDER.<\/span><\/p>\n[\/vc_column_text][vc_row_inner equal_height=&#8221;yes&#8221; column_margin=&#8221;default&#8221; column_direction=&#8221;default&#8221; column_direction_tablet=&#8221;default&#8221; column_direction_phone=&#8221;default&#8221; text_align=&#8221;left&#8221;][vc_column_inner column_padding=&#8221;padding-2-percent&#8221; column_padding_tablet=&#8221;inherit&#8221; column_padding_phone=&#8221;inherit&#8221; column_padding_position=&#8221;all&#8221; background_color_opacity=&#8221;1&#8243; background_hover_color_opacity=&#8221;1&#8243; column_shadow=&#8221;none&#8221; column_border_radius=&#8221;none&#8221; column_link_target=&#8221;_self&#8221; gradient_direction=&#8221;left_to_right&#8221; overlay_strength=&#8221;0.3&#8243; width=&#8221;1\/3&#8243; tablet_width_inherit=&#8221;default&#8221; column_border_width=&#8221;none&#8221; column_border_style=&#8221;solid&#8221; bg_image_animation=&#8221;none&#8221;][image_with_animation image_url=&#8221;16733&#8243; animation=&#8221;Fade In&#8221; hover_animation=&#8221;none&#8221; alignment=&#8221;&#8221; border_radius=&#8221;none&#8221; box_shadow=&#8221;none&#8221; image_loading=&#8221;default&#8221; max_width=&#8221;100%&#8221; max_width_mobile=&#8221;default&#8221;][\/vc_column_inner][vc_column_inner column_padding=&#8221;padding-2-percent&#8221; column_padding_tablet=&#8221;inherit&#8221; column_padding_phone=&#8221;inherit&#8221; column_padding_position=&#8221;all&#8221; background_color_opacity=&#8221;1&#8243; background_hover_color_opacity=&#8221;1&#8243; column_shadow=&#8221;none&#8221; column_border_radius=&#8221;none&#8221; column_link_target=&#8221;_self&#8221; gradient_direction=&#8221;left_to_right&#8221; overlay_strength=&#8221;0.3&#8243; width=&#8221;1\/3&#8243; tablet_width_inherit=&#8221;default&#8221; column_border_width=&#8221;none&#8221; column_border_style=&#8221;solid&#8221; bg_image_animation=&#8221;none&#8221;][image_with_animation image_url=&#8221;16738&#8243; animation=&#8221;Fade In&#8221; hover_animation=&#8221;none&#8221; alignment=&#8221;&#8221; border_radius=&#8221;none&#8221; box_shadow=&#8221;none&#8221; image_loading=&#8221;default&#8221; max_width=&#8221;100%&#8221; max_width_mobile=&#8221;default&#8221;][\/vc_column_inner][vc_column_inner column_padding=&#8221;padding-4-percent&#8221; column_padding_tablet=&#8221;inherit&#8221; column_padding_phone=&#8221;inherit&#8221; column_padding_position=&#8221;all&#8221; background_color_opacity=&#8221;1&#8243; background_hover_color_opacity=&#8221;1&#8243; column_shadow=&#8221;none&#8221; column_border_radius=&#8221;none&#8221; column_link_target=&#8221;_self&#8221; gradient_direction=&#8221;left_to_right&#8221; overlay_strength=&#8221;0.3&#8243; width=&#8221;1\/3&#8243; tablet_width_inherit=&#8221;default&#8221; column_border_width=&#8221;none&#8221; column_border_style=&#8221;solid&#8221; bg_image_animation=&#8221;none&#8221;][image_with_animation image_url=&#8221;16743&#8243; animation=&#8221;Fade In&#8221; hover_animation=&#8221;none&#8221; alignment=&#8221;&#8221; border_radius=&#8221;none&#8221; box_shadow=&#8221;none&#8221; image_loading=&#8221;default&#8221; max_width=&#8221;100%&#8221; max_width_mobile=&#8221;default&#8221;][\/vc_column_inner][\/vc_row_inner][\/vc_column][\/vc_row]\n","protected":false},"excerpt":{"rendered":"<p>[vc_row type=&#8221;full_width_background&#8221; full_screen_row_position=&#8221;middle&#8221; column_margin=&#8221;default&#8221; column_direction=&#8221;default&#8221; column_direction_tablet=&#8221;default&#8221; column_direction_phone=&#8221;default&#8221; bg_color=&#8221;#ffffff&#8221; scene_position=&#8221;center&#8221; top_padding=&#8221;0&#8243; bottom_padding=&#8221;20&#8243; text_color=&#8221;dark&#8221; text_align=&#8221;left&#8221; row_border_radius=&#8221;none&#8221; row_border_radius_applies=&#8221;bg&#8221; overlay_strength=&#8221;0.3&#8243; gradient_direction=&#8221;left_to_right&#8221; shape_divider_position=&#8221;bottom&#8221; bg_image_animation=&#8221;none&#8221; shape_type=&#8221;&#8221;][vc_column column_padding=&#8221;no-extra-padding&#8221; column_padding_tablet=&#8221;inherit&#8221; column_padding_phone=&#8221;inherit&#8221; column_padding_position=&#8221;all&#8221; top_margin=&#8221;50&#8243; bottom_margin=&#8221;50&#8243; background_color=&#8221;#ffffff&#8221; background_color_opacity=&#8221;1&#8243; background_hover_color_opacity=&#8221;1&#8243; column_shadow=&#8221;none&#8221;&#8230;<\/p>\n","protected":false},"author":11,"featured_media":0,"parent":2733,"menu_order":0,"comment_status":"closed","ping_status":"closed","template":"","meta":[],"yoast_head":"<!-- This site is optimized with the Yoast SEO plugin v18.2 - https:\/\/yoast.com\/wordpress\/plugins\/seo\/ -->\n<title>Betterplace Alquila - Software para aumentar tus captaciones | Betterplace<\/title>\n<meta name=\"description\" content=\"Betterplace Alquila | Software para aumentar tus captaciones | Betterplace\" \/>\n<meta name=\"robots\" content=\"noindex, nofollow\" \/>\n<meta property=\"og:locale\" content=\"fr_FR\" \/>\n<meta property=\"og:type\" content=\"article\" \/>\n<meta property=\"og:title\" content=\"Betterplace Alquila - Software para aumentar tus captaciones | Betterplace\" \/>\n<meta property=\"og:description\" content=\"Betterplace Alquila | Software para aumentar tus captaciones | Betterplace\" \/>\n<meta property=\"og:url\" content=\"https:\/\/betterplaceweb.com\/subvenciones\/betterplace-alquila\/\" \/>\n<meta property=\"og:site_name\" content=\"Software para aumentar tus captaciones | Betterplace\" \/>\n<meta property=\"article:publisher\" content=\"https:\/\/www.facebook.com\/betterplaceapp\/\" \/>\n<meta property=\"article:modified_time\" content=\"2023-06-14T15:51:15+00:00\" \/>\n<meta name=\"twitter:card\" content=\"summary_large_image\" \/>\n<meta name=\"twitter:site\" content=\"@Betterplaceapp\" \/>\n<script type=\"application\/ld+json\" class=\"yoast-schema-graph\">{\"@context\":\"https:\/\/schema.org\",\"@graph\":[{\"@type\":\"Organization\",\"@id\":\"https:\/\/betterplaceweb.com\/#organization\",\"name\":\"Betterplace\",\"url\":\"https:\/\/betterplaceweb.com\/\",\"sameAs\":[\"https:\/\/www.facebook.com\/betterplaceapp\/\",\"https:\/\/www.instagram.com\/betterplace_app\/\",\"https:\/\/www.linkedin.com\/company\/10589807\/\",\"https:\/\/www.youtube.com\/channel\/UC32SRP3VDH-3JIfj8PP8LOA\",\"https:\/\/twitter.com\/Betterplaceapp\"],\"logo\":{\"@type\":\"ImageObject\",\"@id\":\"https:\/\/betterplaceweb.com\/#logo\",\"inLanguage\":\"fr-FR\",\"url\":\"https:\/\/betterplaceweb.com\/wp-content\/uploads\/2020\/06\/logo_better_header_black.png\",\"contentUrl\":\"https:\/\/betterplaceweb.com\/wp-content\/uploads\/2020\/06\/logo_better_header_black.png\",\"width\":380,\"height\":79,\"caption\":\"Betterplace\"},\"image\":{\"@id\":\"https:\/\/betterplaceweb.com\/#logo\"}},{\"@type\":\"WebSite\",\"@id\":\"https:\/\/betterplaceweb.com\/#website\",\"url\":\"https:\/\/betterplaceweb.com\/\",\"name\":\"Software para aumentar tus captaciones | Betterplace\",\"description\":\"Valoraci\u00f3n de viviendas, captaci\u00f3n de particulares y estudios de mercado, Betterplace es compatible con tu CRM y agiliza el trabajo de tu agentes!\",\"publisher\":{\"@id\":\"https:\/\/betterplaceweb.com\/#organization\"},\"potentialAction\":[{\"@type\":\"SearchAction\",\"target\":{\"@type\":\"EntryPoint\",\"urlTemplate\":\"https:\/\/betterplaceweb.com\/?s={search_term_string}\"},\"query-input\":\"required name=search_term_string\"}],\"inLanguage\":\"fr-FR\"},{\"@type\":\"WebPage\",\"@id\":\"https:\/\/betterplaceweb.com\/subvenciones\/betterplace-alquila\/#webpage\",\"url\":\"https:\/\/betterplaceweb.com\/subvenciones\/betterplace-alquila\/\",\"name\":\"Betterplace Alquila - Software para aumentar tus captaciones | Betterplace\",\"isPartOf\":{\"@id\":\"https:\/\/betterplaceweb.com\/#website\"},\"datePublished\":\"2023-02-18T13:06:38+00:00\",\"dateModified\":\"2023-06-14T15:51:15+00:00\",\"description\":\"Betterplace Alquila | Software para aumentar tus captaciones | Betterplace\",\"breadcrumb\":{\"@id\":\"https:\/\/betterplaceweb.com\/subvenciones\/betterplace-alquila\/#breadcrumb\"},\"inLanguage\":\"fr-FR\",\"potentialAction\":[{\"@type\":\"ReadAction\",\"target\":[\"https:\/\/betterplaceweb.com\/subvenciones\/betterplace-alquila\/\"]}]},{\"@type\":\"BreadcrumbList\",\"@id\":\"https:\/\/betterplaceweb.com\/subvenciones\/betterplace-alquila\/#breadcrumb\",\"itemListElement\":[{\"@type\":\"ListItem\",\"position\":1,\"name\":\"Portada\",\"item\":\"https:\/\/betterplaceweb.com\/fr\/\"},{\"@type\":\"ListItem\",\"position\":2,\"name\":\"Subvenciones\",\"item\":\"https:\/\/betterplaceweb.com\/subvenciones\/\"},{\"@type\":\"ListItem\",\"position\":3,\"name\":\"Betterplace Alquila\"}]}]}<\/script>\n<!-- \/ Yoast SEO plugin. -->","yoast_head_json":{"title":"Betterplace Alquila - Software para aumentar tus captaciones | Betterplace","description":"Betterplace Alquila | Software para aumentar tus captaciones | Betterplace","robots":{"index":"noindex","follow":"nofollow"},"og_locale":"fr_FR","og_type":"article","og_title":"Betterplace Alquila - Software para aumentar tus captaciones | Betterplace","og_description":"Betterplace Alquila | Software para aumentar tus captaciones | Betterplace","og_url":"https:\/\/betterplaceweb.com\/subvenciones\/betterplace-alquila\/","og_site_name":"Software para aumentar tus captaciones | Betterplace","article_publisher":"https:\/\/www.facebook.com\/betterplaceapp\/","article_modified_time":"2023-06-14T15:51:15+00:00","twitter_card":"summary_large_image","twitter_site":"@Betterplaceapp","schema":{"@context":"https:\/\/schema.org","@graph":[{"@type":"Organization","@id":"https:\/\/betterplaceweb.com\/#organization","name":"Betterplace","url":"https:\/\/betterplaceweb.com\/","sameAs":["https:\/\/www.facebook.com\/betterplaceapp\/","https:\/\/www.instagram.com\/betterplace_app\/","https:\/\/www.linkedin.com\/company\/10589807\/","https:\/\/www.youtube.com\/channel\/UC32SRP3VDH-3JIfj8PP8LOA","https:\/\/twitter.com\/Betterplaceapp"],"logo":{"@type":"ImageObject","@id":"https:\/\/betterplaceweb.com\/#logo","inLanguage":"fr-FR","url":"https:\/\/betterplaceweb.com\/wp-content\/uploads\/2020\/06\/logo_better_header_black.png","contentUrl":"https:\/\/betterplaceweb.com\/wp-content\/uploads\/2020\/06\/logo_better_header_black.png","width":380,"height":79,"caption":"Betterplace"},"image":{"@id":"https:\/\/betterplaceweb.com\/#logo"}},{"@type":"WebSite","@id":"https:\/\/betterplaceweb.com\/#website","url":"https:\/\/betterplaceweb.com\/","name":"Software para aumentar tus captaciones | Betterplace","description":"Valoraci\u00f3n de viviendas, captaci\u00f3n de particulares y estudios de mercado, Betterplace es compatible con tu CRM y agiliza el trabajo de tu agentes!","publisher":{"@id":"https:\/\/betterplaceweb.com\/#organization"},"potentialAction":[{"@type":"SearchAction","target":{"@type":"EntryPoint","urlTemplate":"https:\/\/betterplaceweb.com\/?s={search_term_string}"},"query-input":"required name=search_term_string"}],"inLanguage":"fr-FR"},{"@type":"WebPage","@id":"https:\/\/betterplaceweb.com\/subvenciones\/betterplace-alquila\/#webpage","url":"https:\/\/betterplaceweb.com\/subvenciones\/betterplace-alquila\/","name":"Betterplace Alquila - Software para aumentar tus captaciones | Betterplace","isPartOf":{"@id":"https:\/\/betterplaceweb.com\/#website"},"datePublished":"2023-02-18T13:06:38+00:00","dateModified":"2023-06-14T15:51:15+00:00","description":"Betterplace Alquila | Software para aumentar tus captaciones | Betterplace","breadcrumb":{"@id":"https:\/\/betterplaceweb.com\/subvenciones\/betterplace-alquila\/#breadcrumb"},"inLanguage":"fr-FR","potentialAction":[{"@type":"ReadAction","target":["https:\/\/betterplaceweb.com\/subvenciones\/betterplace-alquila\/"]}]},{"@type":"BreadcrumbList","@id":"https:\/\/betterplaceweb.com\/subvenciones\/betterplace-alquila\/#breadcrumb","itemListElement":[{"@type":"ListItem","position":1,"name":"Portada","item":"https:\/\/betterplaceweb.com\/fr\/"},{"@type":"ListItem","position":2,"name":"Subvenciones","item":"https:\/\/betterplaceweb.com\/subvenciones\/"},{"@type":"ListItem","position":3,"name":"Betterplace Alquila"}]}]}},"_links":{"self":[{"href":"https:\/\/betterplaceweb.com\/fr\/wp-json\/wp\/v2\/pages\/16530"}],"collection":[{"href":"https:\/\/betterplaceweb.com\/fr\/wp-json\/wp\/v2\/pages"}],"about":[{"href":"https:\/\/betterplaceweb.com\/fr\/wp-json\/wp\/v2\/types\/page"}],"author":[{"embeddable":true,"href":"https:\/\/betterplaceweb.com\/fr\/wp-json\/wp\/v2\/users\/11"}],"replies":[{"embeddable":true,"href":"https:\/\/betterplaceweb.com\/fr\/wp-json\/wp\/v2\/comments?post=16530"}],"version-history":[{"count":5,"href":"https:\/\/betterplaceweb.com\/fr\/wp-json\/wp\/v2\/pages\/16530\/revisions"}],"predecessor-version":[{"id":16750,"href":"https:\/\/betterplaceweb.com\/fr\/wp-json\/wp\/v2\/pages\/16530\/revisions\/16750"}],"up":[{"embeddable":true,"href":"https:\/\/betterplaceweb.com\/fr\/wp-json\/wp\/v2\/pages\/2733"}],"wp:attachment":[{"href":"https:\/\/betterplaceweb.com\/fr\/wp-json\/wp\/v2\/media?parent=16530"}],"curies":[{"name":"wp","href":"https:\/\/api.w.org\/{rel}","templated":true}]}}