{"id":11112,"date":"2022-02-21T12:09:03","date_gmt":"2022-02-21T12:09:03","guid":{"rendered":"https:\/\/betterplaceweb.com\/?page_id=11112"},"modified":"2022-04-05T11:08:20","modified_gmt":"2022-04-05T11:08:20","slug":"landing-webinar-valora-cualquier-inmueble-con-total-precision","status":"publish","type":"page","link":"https:\/\/betterplaceweb.com\/it\/landing-webinar-valora-cualquier-inmueble-con-total-precision\/","title":{"rendered":"Landing Webinar valora cualquier inmueble con total precisi\u00f3n"},"content":{"rendered":"[vc_row type=&#8221;full_width_background&#8221; full_screen_row_position=&#8221;middle&#8221; column_margin=&#8221;default&#8221; column_direction=&#8221;default&#8221; column_direction_tablet=&#8221;default&#8221; column_direction_phone=&#8221;default&#8221; scene_position=&#8221;center&#8221; top_padding=&#8221;3%&#8221; text_color=&#8221;light&#8221; text_align=&#8221;left&#8221; row_border_radius=&#8221;none&#8221; row_border_radius_applies=&#8221;bg&#8221; overlay_strength=&#8221;0.3&#8243; gradient_direction=&#8221;left_to_right&#8221; shape_divider_position=&#8221;bottom&#8221; bg_image_animation=&#8221;none&#8221; shape_type=&#8221;&#8221;][vc_column column_padding=&#8221;no-extra-padding&#8221; column_padding_tablet=&#8221;inherit&#8221; column_padding_phone=&#8221;inherit&#8221; column_padding_position=&#8221;all&#8221; top_margin=&#8221;4.40%&#8221; centered_text=&#8221;true&#8221; background_color_opacity=&#8221;1&#8243; background_hover_color_opacity=&#8221;1&#8243; column_shadow=&#8221;none&#8221; column_border_radius=&#8221;none&#8221; column_link_target=&#8221;_self&#8221; gradient_direction=&#8221;left_to_right&#8221; overlay_strength=&#8221;0.3&#8243; width=&#8221;1\/4&#8243; tablet_width_inherit=&#8221;default&#8221; tablet_text_alignment=&#8221;default&#8221; phone_text_alignment=&#8221;default&#8221; column_border_width=&#8221;none&#8221; column_border_style=&#8221;solid&#8221; bg_image_animation=&#8221;none&#8221;][vc_row_inner content_placement=&#8221;middle&#8221; column_margin=&#8221;default&#8221; column_direction=&#8221;default&#8221; column_direction_tablet=&#8221;default&#8221; column_direction_phone=&#8221;default&#8221; text_align=&#8221;left&#8221;][vc_column_inner column_padding=&#8221;no-extra-padding&#8221; column_padding_tablet=&#8221;inherit&#8221; column_padding_phone=&#8221;inherit&#8221; column_padding_position=&#8221;all&#8221; background_color_opacity=&#8221;1&#8243; background_hover_color_opacity=&#8221;1&#8243; column_shadow=&#8221;medium_depth&#8221; column_border_radius=&#8221;3px&#8221; column_link_target=&#8221;_self&#8221; gradient_direction=&#8221;left_to_right&#8221; overlay_strength=&#8221;0.3&#8243; width=&#8221;1\/1&#8243; tablet_width_inherit=&#8221;default&#8221; column_border_width=&#8221;none&#8221; column_border_style=&#8221;solid&#8221; bg_image_animation=&#8221;none&#8221;][image_with_animation image_url=&#8221;11071&#8243; animation=&#8221;Fade In&#8221; hover_animation=&#8221;none&#8221; alignment=&#8221;&#8221; border_radius=&#8221;none&#8221; box_shadow=&#8221;none&#8221; image_loading=&#8221;default&#8221; max_width=&#8221;100%&#8221; max_width_mobile=&#8221;default&#8221; margin_top=&#8221;15&#8243;][divider line_type=&#8221;No Line&#8221;][divider line_type=&#8221;No Line&#8221;][\/vc_column_inner][\/vc_row_inner][\/vc_column][vc_column column_padding=&#8221;no-extra-padding&#8221; column_padding_tablet=&#8221;inherit&#8221; column_padding_phone=&#8221;inherit&#8221; column_padding_position=&#8221;all&#8221; top_margin=&#8221;33&#8243; bottom_margin=&#8221;3%&#8221; background_color_opacity=&#8221;1&#8243; background_hover_color_opacity=&#8221;1&#8243; column_shadow=&#8221;none&#8221; column_border_radius=&#8221;none&#8221; column_link_target=&#8221;_self&#8221; gradient_direction=&#8221;left_to_right&#8221; overlay_strength=&#8221;0.3&#8243; width=&#8221;3\/4&#8243; tablet_width_inherit=&#8221;default&#8221; tablet_text_alignment=&#8221;default&#8221; phone_text_alignment=&#8221;default&#8221; column_border_width=&#8221;none&#8221; column_border_style=&#8221;solid&#8221; bg_image_animation=&#8221;none&#8221;][vc_row_inner column_margin=&#8221;default&#8221; column_direction=&#8221;default&#8221; column_direction_tablet=&#8221;default&#8221; column_direction_phone=&#8221;default&#8221; text_align=&#8221;left&#8221;][vc_column_inner column_padding=&#8221;no-extra-padding&#8221; column_padding_tablet=&#8221;inherit&#8221; column_padding_phone=&#8221;inherit&#8221; column_padding_position=&#8221;all&#8221; background_color_opacity=&#8221;1&#8243; background_hover_color_opacity=&#8221;1&#8243; column_shadow=&#8221;none&#8221; column_border_radius=&#8221;none&#8221; column_link_target=&#8221;_self&#8221; gradient_direction=&#8221;left_to_right&#8221; overlay_strength=&#8221;0.3&#8243; width=&#8221;1\/1&#8243; tablet_width_inherit=&#8221;default&#8221; column_border_width=&#8221;none&#8221; column_border_style=&#8221;solid&#8221; bg_image_animation=&#8221;none&#8221;][vc_raw_html]JTNDaWZyYW1lJTIwc3JjJTNEJTIyaHR0cHMlM0ElMkYlMkZwbGF5ZXIudmltZW8uY29tJTJGdmlkZW8lMkY2OTYwNjIyNDYlM0ZoJTNEMTNjYmM4ZWRjZSUyNmFtcCUzQmJhZGdlJTNEMCUyNmFtcCUzQmF1dG9wYXVzZSUzRDAlMjZhbXAlM0JwbGF5ZXJfaWQlM0QwJTI2YW1wJTNCYXBwX2lkJTNENTg0NzklMjIlMjB3aWR0aCUzRCUyMjEyODAlMjIlMjBoZWlnaHQlM0QlMjI2MTYlMjIlMjBmcmFtZWJvcmRlciUzRCUyMjAlMjIlMjBhbGxvdyUzRCUyMmF1dG9wbGF5JTNCJTIwZnVsbHNjcmVlbiUzQiUyMHBpY3R1cmUtaW4tcGljdHVyZSUyMiUyMGFsbG93ZnVsbHNjcmVlbiUyMHRpdGxlJTNEJTIyV2ViaW5hciUyMFZhbG9yYSUyMGNvbiUyMHByZWNpc2klMjZhbXAlM0JvYWN1dGUlM0JuLm1wNCUyMiUzRSUzQyUyRmlmcmFtZSUzRQ==[\/vc_raw_html][\/vc_column_inner][\/vc_row_inner][\/vc_column][\/vc_row][vc_row type=&#8221;in_container&#8221; full_screen_row_position=&#8221;middle&#8221; column_margin=&#8221;default&#8221; column_direction=&#8221;default&#8221; column_direction_tablet=&#8221;default&#8221; column_direction_phone=&#8221;default&#8221; scene_position=&#8221;center&#8221; top_padding=&#8221;2%&#8221; bottom_padding=&#8221;5%&#8221; text_color=&#8221;dark&#8221; text_align=&#8221;left&#8221; row_border_radius=&#8221;none&#8221; row_border_radius_applies=&#8221;bg&#8221; overlay_strength=&#8221;0.3&#8243; gradient_direction=&#8221;left_to_right&#8221; shape_divider_position=&#8221;bottom&#8221; bg_image_animation=&#8221;none&#8221; shape_type=&#8221;&#8221;][vc_column column_padding=&#8221;no-extra-padding&#8221; column_padding_tablet=&#8221;inherit&#8221; column_padding_phone=&#8221;inherit&#8221; column_padding_position=&#8221;all&#8221; background_color_opacity=&#8221;1&#8243; background_hover_color_opacity=&#8221;1&#8243; column_shadow=&#8221;none&#8221; column_border_radius=&#8221;none&#8221; column_link_target=&#8221;_self&#8221; gradient_direction=&#8221;left_to_right&#8221; overlay_strength=&#8221;0.3&#8243; width=&#8221;1\/4&#8243; tablet_width_inherit=&#8221;default&#8221; tablet_text_alignment=&#8221;default&#8221; phone_text_alignment=&#8221;default&#8221; column_border_width=&#8221;none&#8221; column_border_style=&#8221;solid&#8221; bg_image_animation=&#8221;none&#8221; offset=&#8221;vc_hidden-xs&#8221;][divider line_type=&#8221;No Line&#8221;][\/vc_column][vc_column column_padding=&#8221;no-extra-padding&#8221; column_padding_tablet=&#8221;inherit&#8221; column_padding_phone=&#8221;inherit&#8221; column_padding_position=&#8221;all&#8221; top_margin_phone=&#8221;10%&#8221; background_color_opacity=&#8221;1&#8243; background_hover_color_opacity=&#8221;1&#8243; column_shadow=&#8221;none&#8221; column_border_radius=&#8221;none&#8221; column_link_target=&#8221;_self&#8221; gradient_direction=&#8221;left_to_right&#8221; overlay_strength=&#8221;0.3&#8243; width=&#8221;3\/4&#8243; tablet_width_inherit=&#8221;default&#8221; tablet_text_alignment=&#8221;default&#8221; phone_text_alignment=&#8221;default&#8221; column_border_width=&#8221;none&#8221; column_border_style=&#8221;solid&#8221; bg_image_animation=&#8221;none&#8221;][vc_row_inner column_margin=&#8221;default&#8221; column_direction=&#8221;default&#8221; column_direction_tablet=&#8221;default&#8221; column_direction_phone=&#8221;default&#8221; text_align=&#8221;left&#8221;][vc_column_inner column_padding=&#8221;no-extra-padding&#8221; column_padding_tablet=&#8221;inherit&#8221; column_padding_phone=&#8221;inherit&#8221; column_padding_position=&#8221;all&#8221; left_margin_phone=&#8221;5%&#8221; constrain_group_6=&#8221;yes&#8221; right_margin_phone=&#8221;5%&#8221; background_color_opacity=&#8221;1&#8243; background_hover_color_opacity=&#8221;1&#8243; column_shadow=&#8221;none&#8221; column_border_radius=&#8221;none&#8221; column_link_target=&#8221;_self&#8221; gradient_direction=&#8221;left_to_right&#8221; overlay_strength=&#8221;0.3&#8243; width=&#8221;1\/1&#8243; tablet_width_inherit=&#8221;default&#8221; column_border_width=&#8221;none&#8221; column_border_style=&#8221;solid&#8221; bg_image_animation=&#8221;none&#8221;][nectar_highlighted_text color_type=&#8221;regular&#8221; text_color=&#8221;#000000&#8243; style=&#8221;half_text&#8221;]\n<h3><strong>\u00bfQu\u00e9 voy a aprender en el webinar?<\/strong><\/h3>\n[\/nectar_highlighted_text][\/vc_column_inner][\/vc_row_inner][vc_row_inner column_margin=&#8221;default&#8221; column_direction=&#8221;default&#8221; column_direction_tablet=&#8221;default&#8221; column_direction_phone=&#8221;default&#8221; text_align=&#8221;left&#8221;][vc_column_inner column_padding=&#8221;no-extra-padding&#8221; column_padding_tablet=&#8221;inherit&#8221; column_padding_phone=&#8221;inherit&#8221; column_padding_position=&#8221;all&#8221; left_margin_phone=&#8221;5%&#8221; constrain_group_6=&#8221;yes&#8221; right_margin_phone=&#8221;5%&#8221; background_color_opacity=&#8221;1&#8243; background_hover_color_opacity=&#8221;1&#8243; column_shadow=&#8221;none&#8221; column_border_radius=&#8221;none&#8221; column_link_target=&#8221;_self&#8221; gradient_direction=&#8221;left_to_right&#8221; overlay_strength=&#8221;0.3&#8243; width=&#8221;1\/1&#8243; tablet_width_inherit=&#8221;default&#8221; column_border_width=&#8221;none&#8221; column_border_style=&#8221;solid&#8221; bg_image_animation=&#8221;none&#8221;][vc_column_text]\n<p style=\"text-align: left;\"><span style=\"color: #000000;\">\u2714 Localizar cualquier inmueble f\u00e1cilmente\u00a0<\/span><\/p>\n[\/vc_column_text][\/vc_column_inner][\/vc_row_inner][vc_row_inner column_margin=&#8221;default&#8221; column_direction=&#8221;default&#8221; column_direction_tablet=&#8221;default&#8221; column_direction_phone=&#8221;default&#8221; text_align=&#8221;left&#8221;][vc_column_inner column_padding=&#8221;no-extra-padding&#8221; column_padding_tablet=&#8221;inherit&#8221; column_padding_phone=&#8221;inherit&#8221; column_padding_position=&#8221;all&#8221; left_margin_phone=&#8221;5%&#8221; constrain_group_6=&#8221;yes&#8221; right_margin_phone=&#8221;5%&#8221; background_color_opacity=&#8221;1&#8243; background_hover_color_opacity=&#8221;1&#8243; column_shadow=&#8221;none&#8221; column_border_radius=&#8221;none&#8221; column_link_target=&#8221;_self&#8221; gradient_direction=&#8221;left_to_right&#8221; overlay_strength=&#8221;0.3&#8243; width=&#8221;1\/1&#8243; tablet_width_inherit=&#8221;default&#8221; column_border_width=&#8221;none&#8221; column_border_style=&#8221;solid&#8221; bg_image_animation=&#8221;none&#8221;][vc_column_text]\n<p style=\"text-align: left;\"><span style=\"color: #000000;\"> \u2714 Seleccionar los testigos m\u00e1s similares con un click<\/span><\/p>\n[\/vc_column_text][\/vc_column_inner][\/vc_row_inner][vc_row_inner column_margin=&#8221;default&#8221; column_direction=&#8221;default&#8221; column_direction_tablet=&#8221;default&#8221; column_direction_phone=&#8221;default&#8221; text_align=&#8221;left&#8221;][vc_column_inner column_padding=&#8221;no-extra-padding&#8221; column_padding_tablet=&#8221;inherit&#8221; column_padding_phone=&#8221;inherit&#8221; column_padding_position=&#8221;all&#8221; left_margin_phone=&#8221;5%&#8221; constrain_group_6=&#8221;yes&#8221; right_margin_phone=&#8221;5%&#8221; background_color_opacity=&#8221;1&#8243; background_hover_color_opacity=&#8221;1&#8243; column_shadow=&#8221;none&#8221; column_border_radius=&#8221;none&#8221; column_link_target=&#8221;_self&#8221; gradient_direction=&#8221;left_to_right&#8221; overlay_strength=&#8221;0.3&#8243; width=&#8221;1\/1&#8243; tablet_width_inherit=&#8221;default&#8221; column_border_width=&#8221;none&#8221; column_border_style=&#8221;solid&#8221; bg_image_animation=&#8221;none&#8221;][vc_column_text]\n<p style=\"text-align: left;\"><span style=\"color: #000000;\">\u2714 Escoger los inmuebles que quieres mostrar al propietario<\/span><\/p>\n[\/vc_column_text][\/vc_column_inner][\/vc_row_inner][vc_row_inner column_margin=&#8221;default&#8221; column_direction=&#8221;default&#8221; column_direction_tablet=&#8221;default&#8221; column_direction_phone=&#8221;default&#8221; text_align=&#8221;left&#8221;][vc_column_inner column_padding=&#8221;no-extra-padding&#8221; column_padding_tablet=&#8221;inherit&#8221; column_padding_phone=&#8221;inherit&#8221; column_padding_position=&#8221;all&#8221; left_margin_phone=&#8221;5%&#8221; constrain_group_6=&#8221;yes&#8221; right_margin_phone=&#8221;5%&#8221; background_color_opacity=&#8221;1&#8243; background_hover_color_opacity=&#8221;1&#8243; column_shadow=&#8221;none&#8221; column_border_radius=&#8221;none&#8221; column_link_target=&#8221;_self&#8221; gradient_direction=&#8221;left_to_right&#8221; overlay_strength=&#8221;0.3&#8243; width=&#8221;1\/1&#8243; tablet_width_inherit=&#8221;default&#8221; column_border_width=&#8221;none&#8221; column_border_style=&#8221;solid&#8221; bg_image_animation=&#8221;none&#8221;][vc_column_text]\n<p style=\"text-align: left;\"><span style=\"color: #000000;\">\u2714 Aplicar tu conocimiento a cada valoraci\u00f3n<\/span><\/p>\n[\/vc_column_text][\/vc_column_inner][\/vc_row_inner][vc_row_inner column_margin=&#8221;default&#8221; column_direction=&#8221;default&#8221; column_direction_tablet=&#8221;default&#8221; column_direction_phone=&#8221;default&#8221; text_align=&#8221;left&#8221;][vc_column_inner column_padding=&#8221;no-extra-padding&#8221; column_padding_tablet=&#8221;inherit&#8221; column_padding_phone=&#8221;inherit&#8221; column_padding_position=&#8221;all&#8221; background_color_opacity=&#8221;1&#8243; background_hover_color_opacity=&#8221;1&#8243; column_shadow=&#8221;none&#8221; column_border_radius=&#8221;none&#8221; column_link_target=&#8221;_self&#8221; gradient_direction=&#8221;left_to_right&#8221; overlay_strength=&#8221;0.3&#8243; width=&#8221;1\/1&#8243; tablet_width_inherit=&#8221;default&#8221; column_border_width=&#8221;none&#8221; column_border_style=&#8221;solid&#8221; bg_image_animation=&#8221;none&#8221;][vc_column_text]\n<p style=\"text-align: left;\"><span style=\"color: #000000;\">\u2714 Presentar un informe que convenza a tu cliente<\/span><\/p>\n[\/vc_column_text][\/vc_column_inner][\/vc_row_inner][vc_row_inner column_margin=&#8221;default&#8221; column_direction=&#8221;default&#8221; column_direction_tablet=&#8221;default&#8221; column_direction_phone=&#8221;default&#8221; text_align=&#8221;left&#8221;][vc_column_inner column_padding=&#8221;no-extra-padding&#8221; column_padding_tablet=&#8221;inherit&#8221; column_padding_phone=&#8221;inherit&#8221; column_padding_position=&#8221;all&#8221; top_margin=&#8221;2%&#8221; background_color_opacity=&#8221;1&#8243; background_hover_color_opacity=&#8221;1&#8243; column_shadow=&#8221;none&#8221; column_border_radius=&#8221;none&#8221; column_link_target=&#8221;_self&#8221; gradient_direction=&#8221;left_to_right&#8221; overlay_strength=&#8221;0.3&#8243; width=&#8221;1\/1&#8243; tablet_width_inherit=&#8221;default&#8221; column_border_width=&#8221;none&#8221; column_border_style=&#8221;solid&#8221; bg_image_animation=&#8221;none&#8221;][nectar_btn size=&#8221;jumbo&#8221; open_new_tab=&#8221;true&#8221; button_style=&#8221;regular&#8221; button_color_2=&#8221;Accent-Color&#8221; solid_text_color_override=&#8221;#002336&#8243; icon_family=&#8221;default_arrow&#8221; text=&#8221;Acceso a Betterplace&#8221; url=&#8221;https:\/\/betterplaceapp.com\/d\/users\/sign_in&#8221; margin_top=&#8221;2%&#8221;][\/vc_column_inner][\/vc_row_inner][\/vc_column][\/vc_row]\n","protected":false},"excerpt":{"rendered":"<p>[vc_row type=&#8221;full_width_background&#8221; full_screen_row_position=&#8221;middle&#8221; column_margin=&#8221;default&#8221; column_direction=&#8221;default&#8221; column_direction_tablet=&#8221;default&#8221; column_direction_phone=&#8221;default&#8221; scene_position=&#8221;center&#8221; top_padding=&#8221;3%&#8221; text_color=&#8221;light&#8221; text_align=&#8221;left&#8221; row_border_radius=&#8221;none&#8221; row_border_radius_applies=&#8221;bg&#8221; overlay_strength=&#8221;0.3&#8243; gradient_direction=&#8221;left_to_right&#8221; shape_divider_position=&#8221;bottom&#8221; bg_image_animation=&#8221;none&#8221; shape_type=&#8221;&#8221;][vc_column column_padding=&#8221;no-extra-padding&#8221; column_padding_tablet=&#8221;inherit&#8221; column_padding_phone=&#8221;inherit&#8221; column_padding_position=&#8221;all&#8221; top_margin=&#8221;4.40%&#8221; centered_text=&#8221;true&#8221; background_color_opacity=&#8221;1&#8243; background_hover_color_opacity=&#8221;1&#8243; column_shadow=&#8221;none&#8221; column_border_radius=&#8221;none&#8221; column_link_target=&#8221;_self&#8221; gradient_direction=&#8221;left_to_right&#8221;&#8230;<\/p>\n","protected":false},"author":6,"featured_media":0,"parent":0,"menu_order":0,"comment_status":"closed","ping_status":"closed","template":"","meta":[],"yoast_head":"<!-- This site is optimized with the Yoast SEO plugin v18.2 - https:\/\/yoast.com\/wordpress\/plugins\/seo\/ -->\n<title>Webinar valora inmuebles con total precisi\u00f3n | Software inmobiliario<\/title>\n<meta name=\"description\" content=\"Descubre mejorar la precisi\u00f3n de tus valoraciones de inmuebles con nuestro software de captaci\u00f3n inmobiliaria. \u00a1solo 10 minutos!\" \/>\n<meta name=\"robots\" content=\"index, follow, max-snippet:-1, max-image-preview:large, max-video-preview:-1\" \/>\n<link rel=\"canonical\" href=\"https:\/\/betterplaceweb.com\/landing-webinar-valora-cualquier-inmueble-con-total-precision\/\" \/>\n<meta property=\"og:locale\" content=\"it_IT\" \/>\n<meta property=\"og:type\" content=\"article\" \/>\n<meta property=\"og:title\" content=\"Webinar valora inmuebles con total precisi\u00f3n | Software inmobiliario\" \/>\n<meta property=\"og:description\" content=\"Descubre mejorar la precisi\u00f3n de tus valoraciones de inmuebles con nuestro software de captaci\u00f3n inmobiliaria. \u00a1solo 10 minutos!\" \/>\n<meta property=\"og:url\" content=\"https:\/\/betterplaceweb.com\/landing-webinar-valora-cualquier-inmueble-con-total-precision\/\" \/>\n<meta property=\"og:site_name\" content=\"Software para aumentar tus captaciones | Betterplace\" \/>\n<meta property=\"article:publisher\" content=\"https:\/\/www.facebook.com\/betterplaceapp\/\" \/>\n<meta property=\"article:modified_time\" content=\"2022-04-05T11:08:20+00:00\" \/>\n<meta name=\"twitter:card\" content=\"summary_large_image\" \/>\n<meta name=\"twitter:site\" content=\"@Betterplaceapp\" \/>\n<script type=\"application\/ld+json\" class=\"yoast-schema-graph\">{\"@context\":\"https:\/\/schema.org\",\"@graph\":[{\"@type\":\"Organization\",\"@id\":\"https:\/\/betterplaceweb.com\/#organization\",\"name\":\"Betterplace\",\"url\":\"https:\/\/betterplaceweb.com\/\",\"sameAs\":[\"https:\/\/www.facebook.com\/betterplaceapp\/\",\"https:\/\/www.instagram.com\/betterplace_app\/\",\"https:\/\/www.linkedin.com\/company\/10589807\/\",\"https:\/\/www.youtube.com\/channel\/UC32SRP3VDH-3JIfj8PP8LOA\",\"https:\/\/twitter.com\/Betterplaceapp\"],\"logo\":{\"@type\":\"ImageObject\",\"@id\":\"https:\/\/betterplaceweb.com\/#logo\",\"inLanguage\":\"it-IT\",\"url\":\"https:\/\/betterplaceweb.com\/wp-content\/uploads\/2020\/06\/logo_better_header_black.png\",\"contentUrl\":\"https:\/\/betterplaceweb.com\/wp-content\/uploads\/2020\/06\/logo_better_header_black.png\",\"width\":380,\"height\":79,\"caption\":\"Betterplace\"},\"image\":{\"@id\":\"https:\/\/betterplaceweb.com\/#logo\"}},{\"@type\":\"WebSite\",\"@id\":\"https:\/\/betterplaceweb.com\/#website\",\"url\":\"https:\/\/betterplaceweb.com\/\",\"name\":\"Software para aumentar tus captaciones | Betterplace\",\"description\":\"Valoraci\u00f3n de viviendas, captaci\u00f3n de particulares y estudios de mercado, Betterplace es compatible con tu CRM y agiliza el trabajo de tu agentes!\",\"publisher\":{\"@id\":\"https:\/\/betterplaceweb.com\/#organization\"},\"potentialAction\":[{\"@type\":\"SearchAction\",\"target\":{\"@type\":\"EntryPoint\",\"urlTemplate\":\"https:\/\/betterplaceweb.com\/?s={search_term_string}\"},\"query-input\":\"required name=search_term_string\"}],\"inLanguage\":\"it-IT\"},{\"@type\":\"WebPage\",\"@id\":\"https:\/\/betterplaceweb.com\/landing-webinar-valora-cualquier-inmueble-con-total-precision\/#webpage\",\"url\":\"https:\/\/betterplaceweb.com\/landing-webinar-valora-cualquier-inmueble-con-total-precision\/\",\"name\":\"Webinar valora inmuebles con total precisi\u00f3n | Software inmobiliario\",\"isPartOf\":{\"@id\":\"https:\/\/betterplaceweb.com\/#website\"},\"datePublished\":\"2022-02-21T12:09:03+00:00\",\"dateModified\":\"2022-04-05T11:08:20+00:00\",\"description\":\"Descubre mejorar la precisi\u00f3n de tus valoraciones de inmuebles con nuestro software de captaci\u00f3n inmobiliaria. \u00a1solo 10 minutos!\",\"breadcrumb\":{\"@id\":\"https:\/\/betterplaceweb.com\/landing-webinar-valora-cualquier-inmueble-con-total-precision\/#breadcrumb\"},\"inLanguage\":\"it-IT\",\"potentialAction\":[{\"@type\":\"ReadAction\",\"target\":[\"https:\/\/betterplaceweb.com\/landing-webinar-valora-cualquier-inmueble-con-total-precision\/\"]}]},{\"@type\":\"BreadcrumbList\",\"@id\":\"https:\/\/betterplaceweb.com\/landing-webinar-valora-cualquier-inmueble-con-total-precision\/#breadcrumb\",\"itemListElement\":[{\"@type\":\"ListItem\",\"position\":1,\"name\":\"Portada\",\"item\":\"https:\/\/betterplaceweb.com\/it\/\"},{\"@type\":\"ListItem\",\"position\":2,\"name\":\"Landing Webinar valora cualquier inmueble con total precisi\u00f3n\"}]}]}<\/script>\n<!-- \/ Yoast SEO plugin. -->","yoast_head_json":{"title":"Webinar valora inmuebles con total precisi\u00f3n | Software inmobiliario","description":"Descubre mejorar la precisi\u00f3n de tus valoraciones de inmuebles con nuestro software de captaci\u00f3n inmobiliaria. \u00a1solo 10 minutos!","robots":{"index":"index","follow":"follow","max-snippet":"max-snippet:-1","max-image-preview":"max-image-preview:large","max-video-preview":"max-video-preview:-1"},"canonical":"https:\/\/betterplaceweb.com\/landing-webinar-valora-cualquier-inmueble-con-total-precision\/","og_locale":"it_IT","og_type":"article","og_title":"Webinar valora inmuebles con total precisi\u00f3n | Software inmobiliario","og_description":"Descubre mejorar la precisi\u00f3n de tus valoraciones de inmuebles con nuestro software de captaci\u00f3n inmobiliaria. \u00a1solo 10 minutos!","og_url":"https:\/\/betterplaceweb.com\/landing-webinar-valora-cualquier-inmueble-con-total-precision\/","og_site_name":"Software para aumentar tus captaciones | Betterplace","article_publisher":"https:\/\/www.facebook.com\/betterplaceapp\/","article_modified_time":"2022-04-05T11:08:20+00:00","twitter_card":"summary_large_image","twitter_site":"@Betterplaceapp","schema":{"@context":"https:\/\/schema.org","@graph":[{"@type":"Organization","@id":"https:\/\/betterplaceweb.com\/#organization","name":"Betterplace","url":"https:\/\/betterplaceweb.com\/","sameAs":["https:\/\/www.facebook.com\/betterplaceapp\/","https:\/\/www.instagram.com\/betterplace_app\/","https:\/\/www.linkedin.com\/company\/10589807\/","https:\/\/www.youtube.com\/channel\/UC32SRP3VDH-3JIfj8PP8LOA","https:\/\/twitter.com\/Betterplaceapp"],"logo":{"@type":"ImageObject","@id":"https:\/\/betterplaceweb.com\/#logo","inLanguage":"it-IT","url":"https:\/\/betterplaceweb.com\/wp-content\/uploads\/2020\/06\/logo_better_header_black.png","contentUrl":"https:\/\/betterplaceweb.com\/wp-content\/uploads\/2020\/06\/logo_better_header_black.png","width":380,"height":79,"caption":"Betterplace"},"image":{"@id":"https:\/\/betterplaceweb.com\/#logo"}},{"@type":"WebSite","@id":"https:\/\/betterplaceweb.com\/#website","url":"https:\/\/betterplaceweb.com\/","name":"Software para aumentar tus captaciones | Betterplace","description":"Valoraci\u00f3n de viviendas, captaci\u00f3n de particulares y estudios de mercado, Betterplace es compatible con tu CRM y agiliza el trabajo de tu agentes!","publisher":{"@id":"https:\/\/betterplaceweb.com\/#organization"},"potentialAction":[{"@type":"SearchAction","target":{"@type":"EntryPoint","urlTemplate":"https:\/\/betterplaceweb.com\/?s={search_term_string}"},"query-input":"required name=search_term_string"}],"inLanguage":"it-IT"},{"@type":"WebPage","@id":"https:\/\/betterplaceweb.com\/landing-webinar-valora-cualquier-inmueble-con-total-precision\/#webpage","url":"https:\/\/betterplaceweb.com\/landing-webinar-valora-cualquier-inmueble-con-total-precision\/","name":"Webinar valora inmuebles con total precisi\u00f3n | Software inmobiliario","isPartOf":{"@id":"https:\/\/betterplaceweb.com\/#website"},"datePublished":"2022-02-21T12:09:03+00:00","dateModified":"2022-04-05T11:08:20+00:00","description":"Descubre mejorar la precisi\u00f3n de tus valoraciones de inmuebles con nuestro software de captaci\u00f3n inmobiliaria. \u00a1solo 10 minutos!","breadcrumb":{"@id":"https:\/\/betterplaceweb.com\/landing-webinar-valora-cualquier-inmueble-con-total-precision\/#breadcrumb"},"inLanguage":"it-IT","potentialAction":[{"@type":"ReadAction","target":["https:\/\/betterplaceweb.com\/landing-webinar-valora-cualquier-inmueble-con-total-precision\/"]}]},{"@type":"BreadcrumbList","@id":"https:\/\/betterplaceweb.com\/landing-webinar-valora-cualquier-inmueble-con-total-precision\/#breadcrumb","itemListElement":[{"@type":"ListItem","position":1,"name":"Portada","item":"https:\/\/betterplaceweb.com\/it\/"},{"@type":"ListItem","position":2,"name":"Landing Webinar valora cualquier inmueble con total precisi\u00f3n"}]}]}},"_links":{"self":[{"href":"https:\/\/betterplaceweb.com\/it\/wp-json\/wp\/v2\/pages\/11112"}],"collection":[{"href":"https:\/\/betterplaceweb.com\/it\/wp-json\/wp\/v2\/pages"}],"about":[{"href":"https:\/\/betterplaceweb.com\/it\/wp-json\/wp\/v2\/types\/page"}],"author":[{"embeddable":true,"href":"https:\/\/betterplaceweb.com\/it\/wp-json\/wp\/v2\/users\/6"}],"replies":[{"embeddable":true,"href":"https:\/\/betterplaceweb.com\/it\/wp-json\/wp\/v2\/comments?post=11112"}],"version-history":[{"count":0,"href":"https:\/\/betterplaceweb.com\/it\/wp-json\/wp\/v2\/pages\/11112\/revisions"}],"wp:attachment":[{"href":"https:\/\/betterplaceweb.com\/it\/wp-json\/wp\/v2\/media?parent=11112"}],"curies":[{"name":"wp","href":"https:\/\/api.w.org\/{rel}","templated":true}]}}