{"id":1152,"date":"2020-09-09T02:17:37","date_gmt":"2020-09-09T02:17:37","guid":{"rendered":"http:\/\/wordpress.test-betterplace.com\/?page_id=1152"},"modified":"2021-10-25T08:58:37","modified_gmt":"2021-10-25T08:58:37","slug":"webinars","status":"publish","type":"page","link":"https:\/\/betterplaceweb.com\/it\/webinars\/","title":{"rendered":"Webinars"},"content":{"rendered":"[vc_row type=&#8221;full_width_background&#8221; full_screen_row_position=&#8221;middle&#8221; column_margin=&#8221;default&#8221; equal_height=&#8221;yes&#8221; content_placement=&#8221;middle&#8221; column_direction=&#8221;default&#8221; column_direction_tablet=&#8221;default&#8221; column_direction_phone=&#8221;default&#8221; bg_image=&#8221;1244&#8243; bg_position=&#8221;center bottom&#8221; bg_repeat=&#8221;no-repeat&#8221; scene_position=&#8221;center&#8221; top_padding=&#8221;14%&#8221; constrain_group_1=&#8221;yes&#8221; bottom_padding=&#8221;14%&#8221; top_padding_tablet=&#8221;20%&#8221; constrain_group_3=&#8221;yes&#8221; bottom_padding_tablet=&#8221;20%&#8221; top_padding_phone=&#8221;20%&#8221; bottom_padding_phone=&#8221;20%&#8221; text_color=&#8221;light&#8221; text_align=&#8221;left&#8221; row_border_radius=&#8221;none&#8221; row_border_radius_applies=&#8221;bg&#8221; enable_gradient=&#8221;true&#8221; color_overlay=&#8221;#000000&#8243; color_overlay_2=&#8221;#333333&#8243; overlay_strength=&#8221;0.8&#8243; gradient_direction=&#8221;left_to_right&#8221; enable_shape_divider=&#8221;true&#8221; shape_divider_color=&#8221;#ffffff&#8221; shape_divider_position=&#8221;bottom&#8221; shape_divider_height=&#8221;-270&#8243; shape_divider_bring_to_front=&#8221;true&#8221; bg_image_animation=&#8221;zoom-out-slow&#8221; shape_type=&#8221;curve_asym&#8221;][vc_column column_padding=&#8221;no-extra-padding&#8221; column_padding_tablet=&#8221;inherit&#8221; column_padding_phone=&#8221;inherit&#8221; column_padding_position=&#8221;all&#8221; background_color_opacity=&#8221;1&#8243; background_hover_color_opacity=&#8221;1&#8243; column_shadow=&#8221;none&#8221; column_border_radius=&#8221;none&#8221; column_link_target=&#8221;_self&#8221; gradient_direction=&#8221;left_to_right&#8221; overlay_strength=&#8221;0.3&#8243; width=&#8221;2\/3&#8243; tablet_width_inherit=&#8221;default&#8221; tablet_text_alignment=&#8221;default&#8221; phone_text_alignment=&#8221;default&#8221; column_border_width=&#8221;none&#8221; column_border_style=&#8221;solid&#8221; bg_image_animation=&#8221;none&#8221;][vc_row_inner column_margin=&#8221;default&#8221; column_direction=&#8221;default&#8221; column_direction_tablet=&#8221;default&#8221; column_direction_phone=&#8221;default&#8221; text_align=&#8221;left&#8221;][vc_column_inner column_padding=&#8221;no-extra-padding&#8221; column_padding_tablet=&#8221;inherit&#8221; column_padding_phone=&#8221;inherit&#8221; column_padding_position=&#8221;bottom&#8221; background_color_opacity=&#8221;1&#8243; background_hover_color_opacity=&#8221;1&#8243; column_shadow=&#8221;none&#8221; column_border_radius=&#8221;none&#8221; column_link_target=&#8221;_self&#8221; gradient_direction=&#8221;left_to_right&#8221; overlay_strength=&#8221;0.3&#8243; width=&#8221;1\/1&#8243; tablet_width_inherit=&#8221;default&#8221; column_border_width=&#8221;none&#8221; column_border_style=&#8221;solid&#8221; bg_image_animation=&#8221;none&#8221;][split_line_heading animation_type=&#8221;line-reveal-by-space&#8221; font_style=&#8221;h1&#8243; text_color=&#8221;#ffffff&#8221; text_content=&#8221;Ap\u00fantate a nuestros webinars formativos&#8221; animation_delay=&#8221;30&#8243;][\/split_line_heading][\/vc_column_inner][\/vc_row_inner][\/vc_column][vc_column column_padding=&#8221;no-extra-padding&#8221; column_padding_tablet=&#8221;inherit&#8221; column_padding_phone=&#8221;inherit&#8221; column_padding_position=&#8221;all&#8221; background_color_opacity=&#8221;1&#8243; background_hover_color_opacity=&#8221;1&#8243; column_shadow=&#8221;none&#8221; column_border_radius=&#8221;none&#8221; column_link_target=&#8221;_self&#8221; gradient_direction=&#8221;left_to_right&#8221; overlay_strength=&#8221;0.3&#8243; width=&#8221;1\/3&#8243; tablet_width_inherit=&#8221;default&#8221; tablet_text_alignment=&#8221;default&#8221; phone_text_alignment=&#8221;default&#8221; column_border_width=&#8221;none&#8221; column_border_style=&#8221;solid&#8221; bg_image_animation=&#8221;none&#8221; enable_animation=&#8221;true&#8221; animation=&#8221;grow-in&#8221; delay=&#8221;300&#8243;][\/vc_column][\/vc_row][vc_row type=&#8221;full_width_background&#8221; full_screen_row_position=&#8221;middle&#8221; column_margin=&#8221;default&#8221; equal_height=&#8221;yes&#8221; column_direction=&#8221;default&#8221; column_direction_tablet=&#8221;default&#8221; column_direction_phone=&#8221;default&#8221; bg_color=&#8221;#ffffff&#8221; scene_position=&#8221;center&#8221; top_padding=&#8221;4%&#8221; constrain_group_1=&#8221;yes&#8221; bottom_padding=&#8221;4%&#8221; top_padding_tablet=&#8221;20%&#8221; constrain_group_3=&#8221;yes&#8221; bottom_padding_tablet=&#8221;20%&#8221; top_padding_phone=&#8221;20%&#8221; bottom_padding_phone=&#8221;20%&#8221; text_color=&#8221;dark&#8221; text_align=&#8221;left&#8221; row_border_radius=&#8221;none&#8221; row_border_radius_applies=&#8221;bg&#8221; overlay_strength=&#8221;0.8&#8243; gradient_direction=&#8221;left_to_right&#8221; enable_shape_divider=&#8221;true&#8221; shape_divider_color=&#8221;#ffffff&#8221; shape_divider_position=&#8221;bottom&#8221; shape_divider_height=&#8221;-270&#8243; bg_image_animation=&#8221;none&#8221; shape_type=&#8221;curve_asym&#8221;][vc_column column_padding=&#8221;no-extra-padding&#8221; column_padding_tablet=&#8221;inherit&#8221; column_padding_phone=&#8221;inherit&#8221; column_padding_position=&#8221;all&#8221; background_color_opacity=&#8221;1&#8243; background_hover_color_opacity=&#8221;1&#8243; column_shadow=&#8221;none&#8221; column_border_radius=&#8221;none&#8221; column_link_target=&#8221;_self&#8221; gradient_direction=&#8221;left_to_right&#8221; overlay_strength=&#8221;0.3&#8243; width=&#8221;1\/1&#8243; tablet_width_inherit=&#8221;default&#8221; tablet_text_alignment=&#8221;default&#8221; phone_text_alignment=&#8221;default&#8221; column_border_width=&#8221;none&#8221; column_border_style=&#8221;solid&#8221; bg_image_animation=&#8221;none&#8221;][vc_row_inner equal_height=&#8221;yes&#8221; content_placement=&#8221;middle&#8221; column_margin=&#8221;default&#8221; column_direction=&#8221;default&#8221; column_direction_tablet=&#8221;default&#8221; column_direction_phone=&#8221;default&#8221; text_align=&#8221;left&#8221;][vc_column_inner column_padding=&#8221;no-extra-padding&#8221; column_padding_tablet=&#8221;inherit&#8221; column_padding_phone=&#8221;inherit&#8221; column_padding_position=&#8221;all&#8221; background_color_opacity=&#8221;1&#8243; background_hover_color_opacity=&#8221;1&#8243; column_shadow=&#8221;none&#8221; column_border_radius=&#8221;none&#8221; column_link_target=&#8221;_self&#8221; gradient_direction=&#8221;left_to_right&#8221; overlay_strength=&#8221;0.3&#8243; width=&#8221;1\/2&#8243; tablet_width_inherit=&#8221;default&#8221; column_border_width=&#8221;none&#8221; column_border_style=&#8221;solid&#8221; bg_image_animation=&#8221;none&#8221;][image_with_animation image_url=&#8221;4353&#8243; animation=&#8221;Fade In&#8221; hover_animation=&#8221;none&#8221; alignment=&#8221;&#8221; border_radius=&#8221;none&#8221; box_shadow=&#8221;none&#8221; image_loading=&#8221;default&#8221; max_width=&#8221;100%&#8221; max_width_mobile=&#8221;default&#8221; img_link=&#8221;https:\/\/event.webinarjam.com\/register\/7\/84ogpaw&#8221;][nectar_btn size=&#8221;large&#8221; open_new_tab=&#8221;true&#8221; button_style=&#8221;regular&#8221; button_color_2=&#8221;Accent-Color&#8221; solid_text_color_override=&#8221;#000000&#8243; icon_family=&#8221;none&#8221; text=&#8221;INSCRIBIRME&#8221; url=&#8221;https:\/\/event.webinarjam.com\/register\/7\/84ogpaw&#8221;][\/vc_column_inner][vc_column_inner column_padding=&#8221;no-extra-padding&#8221; column_padding_tablet=&#8221;inherit&#8221; column_padding_phone=&#8221;inherit&#8221; column_padding_position=&#8221;all&#8221; background_color_opacity=&#8221;1&#8243; background_hover_color_opacity=&#8221;1&#8243; column_shadow=&#8221;none&#8221; column_border_radius=&#8221;none&#8221; column_link_target=&#8221;_self&#8221; gradient_direction=&#8221;left_to_right&#8221; overlay_strength=&#8221;0.3&#8243; width=&#8221;1\/2&#8243; tablet_width_inherit=&#8221;default&#8221; column_border_width=&#8221;none&#8221; column_border_style=&#8221;solid&#8221; bg_image_animation=&#8221;none&#8221;][image_with_animation image_url=&#8221;4346&#8243; animation=&#8221;Fade In&#8221; hover_animation=&#8221;none&#8221; alignment=&#8221;&#8221; border_radius=&#8221;none&#8221; box_shadow=&#8221;none&#8221; image_loading=&#8221;default&#8221; max_width=&#8221;100%&#8221; max_width_mobile=&#8221;default&#8221; img_link=&#8221;https:\/\/event.webinarjam.com\/register\/6\/o8nz4sp&#8221; margin_bottom=&#8221;11&#8243;][nectar_btn size=&#8221;large&#8221; open_new_tab=&#8221;true&#8221; button_style=&#8221;regular&#8221; button_color_2=&#8221;Accent-Color&#8221; solid_text_color_override=&#8221;#000000&#8243; icon_family=&#8221;none&#8221; text=&#8221;INSCRIBIRME&#8221; url=&#8221;https:\/\/event.webinarjam.com\/register\/6\/o8nz4sp&#8221;][\/vc_column_inner][\/vc_row_inner][vc_row_inner equal_height=&#8221;yes&#8221; content_placement=&#8221;middle&#8221; column_margin=&#8221;default&#8221; column_direction=&#8221;default&#8221; column_direction_tablet=&#8221;default&#8221; column_direction_phone=&#8221;default&#8221; text_align=&#8221;left&#8221;][vc_column_inner column_padding=&#8221;no-extra-padding&#8221; column_padding_tablet=&#8221;inherit&#8221; column_padding_phone=&#8221;inherit&#8221; column_padding_position=&#8221;all&#8221; background_color_opacity=&#8221;1&#8243; background_hover_color_opacity=&#8221;1&#8243; column_shadow=&#8221;none&#8221; column_border_radius=&#8221;none&#8221; column_link_target=&#8221;_self&#8221; gradient_direction=&#8221;left_to_right&#8221; overlay_strength=&#8221;0.3&#8243; width=&#8221;1\/2&#8243; tablet_width_inherit=&#8221;default&#8221; column_border_width=&#8221;none&#8221; column_border_style=&#8221;solid&#8221; bg_image_animation=&#8221;none&#8221;][image_with_animation image_url=&#8221;4349&#8243; animation=&#8221;Fade In&#8221; hover_animation=&#8221;none&#8221; alignment=&#8221;&#8221; border_radius=&#8221;none&#8221; box_shadow=&#8221;none&#8221; image_loading=&#8221;default&#8221; max_width=&#8221;100%&#8221; max_width_mobile=&#8221;default&#8221; img_link=&#8221;https:\/\/event.webinarjam.com\/register\/13\/pq5z4fy&#8221;][nectar_btn size=&#8221;large&#8221; open_new_tab=&#8221;true&#8221; button_style=&#8221;regular&#8221; button_color_2=&#8221;Accent-Color&#8221; solid_text_color_override=&#8221;#000000&#8243; icon_family=&#8221;none&#8221; text=&#8221;INSCRIBIRME&#8221; url=&#8221;https:\/\/event.webinarjam.com\/register\/13\/pq5z4fy&#8221;][\/vc_column_inner][vc_column_inner column_padding=&#8221;no-extra-padding&#8221; column_padding_tablet=&#8221;inherit&#8221; column_padding_phone=&#8221;inherit&#8221; column_padding_position=&#8221;all&#8221; background_color_opacity=&#8221;1&#8243; background_hover_color_opacity=&#8221;1&#8243; column_shadow=&#8221;none&#8221; column_border_radius=&#8221;none&#8221; column_link_target=&#8221;_self&#8221; gradient_direction=&#8221;left_to_right&#8221; overlay_strength=&#8221;0.3&#8243; width=&#8221;1\/2&#8243; tablet_width_inherit=&#8221;default&#8221; column_border_width=&#8221;none&#8221; column_border_style=&#8221;solid&#8221; bg_image_animation=&#8221;none&#8221;][image_with_animation image_url=&#8221;4351&#8243; animation=&#8221;Fade In&#8221; hover_animation=&#8221;none&#8221; alignment=&#8221;&#8221; border_radius=&#8221;none&#8221; box_shadow=&#8221;none&#8221; image_loading=&#8221;default&#8221; max_width=&#8221;100%&#8221; max_width_mobile=&#8221;default&#8221; img_link=&#8221;https:\/\/event.webinarjam.com\/register\/10\/k3l0vty&#8221;][nectar_btn size=&#8221;large&#8221; open_new_tab=&#8221;true&#8221; button_style=&#8221;regular&#8221; button_color_2=&#8221;Accent-Color&#8221; solid_text_color_override=&#8221;#000000&#8243; icon_family=&#8221;none&#8221; text=&#8221;INSCRIBIRME&#8221; url=&#8221;https:\/\/event.webinarjam.com\/register\/10\/k3l0vty&#8221;][\/vc_column_inner][\/vc_row_inner][\/vc_column][\/vc_row]\n","protected":false},"excerpt":{"rendered":"<p>[vc_row type=&#8221;full_width_background&#8221; full_screen_row_position=&#8221;middle&#8221; column_margin=&#8221;default&#8221; equal_height=&#8221;yes&#8221; content_placement=&#8221;middle&#8221; column_direction=&#8221;default&#8221; column_direction_tablet=&#8221;default&#8221; column_direction_phone=&#8221;default&#8221; bg_image=&#8221;1244&#8243; bg_position=&#8221;center bottom&#8221; bg_repeat=&#8221;no-repeat&#8221; scene_position=&#8221;center&#8221; top_padding=&#8221;14%&#8221; constrain_group_1=&#8221;yes&#8221; bottom_padding=&#8221;14%&#8221; top_padding_tablet=&#8221;20%&#8221; constrain_group_3=&#8221;yes&#8221; bottom_padding_tablet=&#8221;20%&#8221; top_padding_phone=&#8221;20%&#8221; bottom_padding_phone=&#8221;20%&#8221; text_color=&#8221;light&#8221; text_align=&#8221;left&#8221; row_border_radius=&#8221;none&#8221; row_border_radius_applies=&#8221;bg&#8221; enable_gradient=&#8221;true&#8221; color_overlay=&#8221;#000000&#8243; color_overlay_2=&#8221;#333333&#8243; overlay_strength=&#8221;0.8&#8243;&#8230;<\/p>\n","protected":false},"author":2,"featured_media":0,"parent":0,"menu_order":0,"comment_status":"closed","ping_status":"closed","template":"","meta":[],"yoast_head":"<!-- This site is optimized with the Yoast SEO plugin v18.2 - https:\/\/yoast.com\/wordpress\/plugins\/seo\/ -->\n<title>Software inmobiliario de captaci\u00f3n, valoraci\u00f3n y an\u00e1lisis inmobiliario<\/title>\n<meta name=\"description\" content=\"Betterplace es el Software Inmobiliario que necesitas para aumentar tus captaciones!! No dudes en PROBAR GRATIS 7 D\u00cdAS desde hoy mismo =&gt;\" \/>\n<meta name=\"robots\" content=\"index, follow, max-snippet:-1, max-image-preview:large, max-video-preview:-1\" \/>\n<link rel=\"canonical\" href=\"https:\/\/betterplaceweb.com\/en\/webinars\/\" \/>\n<meta property=\"og:locale\" content=\"it_IT\" \/>\n<meta property=\"og:type\" content=\"article\" \/>\n<meta property=\"og:title\" content=\"Software inmobiliario de captaci\u00f3n, valoraci\u00f3n y an\u00e1lisis inmobiliario\" \/>\n<meta property=\"og:description\" content=\"Betterplace es el Software Inmobiliario que necesitas para aumentar tus captaciones!! No dudes en PROBAR GRATIS 7 D\u00cdAS desde hoy mismo =&gt;\" \/>\n<meta property=\"og:url\" content=\"https:\/\/betterplaceweb.com\/en\/webinars\/\" \/>\n<meta property=\"og:site_name\" content=\"Software para aumentar tus captaciones | Betterplace\" \/>\n<meta property=\"article:publisher\" content=\"https:\/\/www.facebook.com\/betterplaceapp\/\" \/>\n<meta property=\"article:modified_time\" content=\"2021-10-25T08:58:37+00:00\" \/>\n<meta name=\"twitter:card\" content=\"summary_large_image\" \/>\n<meta name=\"twitter:site\" content=\"@Betterplaceapp\" \/>\n<script type=\"application\/ld+json\" class=\"yoast-schema-graph\">{\"@context\":\"https:\/\/schema.org\",\"@graph\":[{\"@type\":\"Organization\",\"@id\":\"https:\/\/betterplaceweb.com\/#organization\",\"name\":\"Betterplace\",\"url\":\"https:\/\/betterplaceweb.com\/\",\"sameAs\":[\"https:\/\/www.facebook.com\/betterplaceapp\/\",\"https:\/\/www.instagram.com\/betterplace_app\/\",\"https:\/\/www.linkedin.com\/company\/10589807\/\",\"https:\/\/www.youtube.com\/channel\/UC32SRP3VDH-3JIfj8PP8LOA\",\"https:\/\/twitter.com\/Betterplaceapp\"],\"logo\":{\"@type\":\"ImageObject\",\"@id\":\"https:\/\/betterplaceweb.com\/#logo\",\"inLanguage\":\"it-IT\",\"url\":\"https:\/\/betterplaceweb.com\/wp-content\/uploads\/2020\/06\/logo_better_header_black.png\",\"contentUrl\":\"https:\/\/betterplaceweb.com\/wp-content\/uploads\/2020\/06\/logo_better_header_black.png\",\"width\":380,\"height\":79,\"caption\":\"Betterplace\"},\"image\":{\"@id\":\"https:\/\/betterplaceweb.com\/#logo\"}},{\"@type\":\"WebSite\",\"@id\":\"https:\/\/betterplaceweb.com\/#website\",\"url\":\"https:\/\/betterplaceweb.com\/\",\"name\":\"Software para aumentar tus captaciones | Betterplace\",\"description\":\"Valoraci\u00f3n de viviendas, captaci\u00f3n de particulares y estudios de mercado, Betterplace es compatible con tu CRM y agiliza el trabajo de tu agentes!\",\"publisher\":{\"@id\":\"https:\/\/betterplaceweb.com\/#organization\"},\"potentialAction\":[{\"@type\":\"SearchAction\",\"target\":{\"@type\":\"EntryPoint\",\"urlTemplate\":\"https:\/\/betterplaceweb.com\/?s={search_term_string}\"},\"query-input\":\"required name=search_term_string\"}],\"inLanguage\":\"it-IT\"},{\"@type\":\"WebPage\",\"@id\":\"https:\/\/betterplaceweb.com\/en\/webinars\/#webpage\",\"url\":\"https:\/\/betterplaceweb.com\/en\/webinars\/\",\"name\":\"Software inmobiliario de captaci\u00f3n, valoraci\u00f3n y an\u00e1lisis inmobiliario\",\"isPartOf\":{\"@id\":\"https:\/\/betterplaceweb.com\/#website\"},\"datePublished\":\"2020-09-09T02:17:37+00:00\",\"dateModified\":\"2021-10-25T08:58:37+00:00\",\"description\":\"Betterplace es el Software Inmobiliario que necesitas para aumentar tus captaciones!! No dudes en PROBAR GRATIS 7 D\u00cdAS desde hoy mismo =>\",\"breadcrumb\":{\"@id\":\"https:\/\/betterplaceweb.com\/en\/webinars\/#breadcrumb\"},\"inLanguage\":\"it-IT\",\"potentialAction\":[{\"@type\":\"ReadAction\",\"target\":[\"https:\/\/betterplaceweb.com\/en\/webinars\/\"]}]},{\"@type\":\"BreadcrumbList\",\"@id\":\"https:\/\/betterplaceweb.com\/en\/webinars\/#breadcrumb\",\"itemListElement\":[{\"@type\":\"ListItem\",\"position\":1,\"name\":\"Portada\",\"item\":\"https:\/\/betterplaceweb.com\/it\/\"},{\"@type\":\"ListItem\",\"position\":2,\"name\":\"Webinars\"}]}]}<\/script>\n<!-- \/ Yoast SEO plugin. -->","yoast_head_json":{"title":"Software inmobiliario de captaci\u00f3n, valoraci\u00f3n y an\u00e1lisis inmobiliario","description":"Betterplace es el Software Inmobiliario que necesitas para aumentar tus captaciones!! No dudes en PROBAR GRATIS 7 D\u00cdAS desde hoy mismo =>","robots":{"index":"index","follow":"follow","max-snippet":"max-snippet:-1","max-image-preview":"max-image-preview:large","max-video-preview":"max-video-preview:-1"},"canonical":"https:\/\/betterplaceweb.com\/en\/webinars\/","og_locale":"it_IT","og_type":"article","og_title":"Software inmobiliario de captaci\u00f3n, valoraci\u00f3n y an\u00e1lisis inmobiliario","og_description":"Betterplace es el Software Inmobiliario que necesitas para aumentar tus captaciones!! No dudes en PROBAR GRATIS 7 D\u00cdAS desde hoy mismo =>","og_url":"https:\/\/betterplaceweb.com\/en\/webinars\/","og_site_name":"Software para aumentar tus captaciones | Betterplace","article_publisher":"https:\/\/www.facebook.com\/betterplaceapp\/","article_modified_time":"2021-10-25T08:58:37+00:00","twitter_card":"summary_large_image","twitter_site":"@Betterplaceapp","schema":{"@context":"https:\/\/schema.org","@graph":[{"@type":"Organization","@id":"https:\/\/betterplaceweb.com\/#organization","name":"Betterplace","url":"https:\/\/betterplaceweb.com\/","sameAs":["https:\/\/www.facebook.com\/betterplaceapp\/","https:\/\/www.instagram.com\/betterplace_app\/","https:\/\/www.linkedin.com\/company\/10589807\/","https:\/\/www.youtube.com\/channel\/UC32SRP3VDH-3JIfj8PP8LOA","https:\/\/twitter.com\/Betterplaceapp"],"logo":{"@type":"ImageObject","@id":"https:\/\/betterplaceweb.com\/#logo","inLanguage":"it-IT","url":"https:\/\/betterplaceweb.com\/wp-content\/uploads\/2020\/06\/logo_better_header_black.png","contentUrl":"https:\/\/betterplaceweb.com\/wp-content\/uploads\/2020\/06\/logo_better_header_black.png","width":380,"height":79,"caption":"Betterplace"},"image":{"@id":"https:\/\/betterplaceweb.com\/#logo"}},{"@type":"WebSite","@id":"https:\/\/betterplaceweb.com\/#website","url":"https:\/\/betterplaceweb.com\/","name":"Software para aumentar tus captaciones | Betterplace","description":"Valoraci\u00f3n de viviendas, captaci\u00f3n de particulares y estudios de mercado, Betterplace es compatible con tu CRM y agiliza el trabajo de tu agentes!","publisher":{"@id":"https:\/\/betterplaceweb.com\/#organization"},"potentialAction":[{"@type":"SearchAction","target":{"@type":"EntryPoint","urlTemplate":"https:\/\/betterplaceweb.com\/?s={search_term_string}"},"query-input":"required name=search_term_string"}],"inLanguage":"it-IT"},{"@type":"WebPage","@id":"https:\/\/betterplaceweb.com\/en\/webinars\/#webpage","url":"https:\/\/betterplaceweb.com\/en\/webinars\/","name":"Software inmobiliario de captaci\u00f3n, valoraci\u00f3n y an\u00e1lisis inmobiliario","isPartOf":{"@id":"https:\/\/betterplaceweb.com\/#website"},"datePublished":"2020-09-09T02:17:37+00:00","dateModified":"2021-10-25T08:58:37+00:00","description":"Betterplace es el Software Inmobiliario que necesitas para aumentar tus captaciones!! No dudes en PROBAR GRATIS 7 D\u00cdAS desde hoy mismo =>","breadcrumb":{"@id":"https:\/\/betterplaceweb.com\/en\/webinars\/#breadcrumb"},"inLanguage":"it-IT","potentialAction":[{"@type":"ReadAction","target":["https:\/\/betterplaceweb.com\/en\/webinars\/"]}]},{"@type":"BreadcrumbList","@id":"https:\/\/betterplaceweb.com\/en\/webinars\/#breadcrumb","itemListElement":[{"@type":"ListItem","position":1,"name":"Portada","item":"https:\/\/betterplaceweb.com\/it\/"},{"@type":"ListItem","position":2,"name":"Webinars"}]}]}},"_links":{"self":[{"href":"https:\/\/betterplaceweb.com\/it\/wp-json\/wp\/v2\/pages\/1152"}],"collection":[{"href":"https:\/\/betterplaceweb.com\/it\/wp-json\/wp\/v2\/pages"}],"about":[{"href":"https:\/\/betterplaceweb.com\/it\/wp-json\/wp\/v2\/types\/page"}],"author":[{"embeddable":true,"href":"https:\/\/betterplaceweb.com\/it\/wp-json\/wp\/v2\/users\/2"}],"replies":[{"embeddable":true,"href":"https:\/\/betterplaceweb.com\/it\/wp-json\/wp\/v2\/comments?post=1152"}],"version-history":[{"count":0,"href":"https:\/\/betterplaceweb.com\/it\/wp-json\/wp\/v2\/pages\/1152\/revisions"}],"wp:attachment":[{"href":"https:\/\/betterplaceweb.com\/it\/wp-json\/wp\/v2\/media?parent=1152"}],"curies":[{"name":"wp","href":"https:\/\/api.w.org\/{rel}","templated":true}]}}