{"id":13036,"date":"2022-02-18T09:46:41","date_gmt":"2022-02-18T09:46:41","guid":{"rendered":"https:\/\/betterplaceweb.com\/landing-webinar-introduccion-popup\/"},"modified":"2022-09-01T15:17:48","modified_gmt":"2022-09-01T15:17:48","slug":"webinar-de-introducao","status":"publish","type":"page","link":"https:\/\/betterplaceweb.com\/pt-pt\/webinar-de-introducao\/","title":{"rendered":"Webinar de introdu\u00e7\u00e3o"},"content":{"rendered":"[vc_row type=&#8221;full_width_background&#8221; full_screen_row_position=&#8221;middle&#8221; column_margin=&#8221;default&#8221; column_direction=&#8221;default&#8221; column_direction_tablet=&#8221;default&#8221; column_direction_phone=&#8221;default&#8221; scene_position=&#8221;center&#8221; top_padding=&#8221;3%&#8221; top_padding_phone=&#8221;0%&#8221; text_color=&#8221;light&#8221; text_align=&#8221;left&#8221; row_border_radius=&#8221;none&#8221; row_border_radius_applies=&#8221;bg&#8221; overlay_strength=&#8221;0.3&#8243; gradient_direction=&#8221;left_to_right&#8221; shape_divider_position=&#8221;bottom&#8221; bg_image_animation=&#8221;none&#8221; shape_type=&#8221;&#8221;][vc_column column_padding=&#8221;no-extra-padding&#8221; column_padding_tablet=&#8221;inherit&#8221; column_padding_phone=&#8221;inherit&#8221; column_padding_position=&#8221;all&#8221; top_margin=&#8221;18&#8243; centered_text=&#8221;true&#8221; background_color_opacity=&#8221;1&#8243; background_hover_color_opacity=&#8221;1&#8243; column_shadow=&#8221;none&#8221; column_border_radius=&#8221;none&#8221; column_link_target=&#8221;_self&#8221; gradient_direction=&#8221;left_to_right&#8221; overlay_strength=&#8221;0.3&#8243; width=&#8221;1\/4&#8243; tablet_width_inherit=&#8221;default&#8221; tablet_text_alignment=&#8221;default&#8221; phone_text_alignment=&#8221;default&#8221; column_border_width=&#8221;none&#8221; column_border_style=&#8221;solid&#8221; bg_image_animation=&#8221;none&#8221;][vc_row_inner column_margin=&#8221;default&#8221; column_direction=&#8221;default&#8221; column_direction_tablet=&#8221;default&#8221; column_direction_phone=&#8221;default&#8221; text_align=&#8221;left&#8221;][vc_column_inner column_padding=&#8221;no-extra-padding&#8221; column_padding_tablet=&#8221;inherit&#8221; column_padding_phone=&#8221;inherit&#8221; column_padding_position=&#8221;top&#8221; background_color_opacity=&#8221;1&#8243; background_hover_color_opacity=&#8221;1&#8243; column_shadow=&#8221;medium_depth&#8221; column_border_radius=&#8221;3px&#8221; column_link_target=&#8221;_self&#8221; gradient_direction=&#8221;left_to_right&#8221; overlay_strength=&#8221;0.3&#8243; width=&#8221;1\/1&#8243; tablet_width_inherit=&#8221;default&#8221; column_border_width=&#8221;none&#8221; column_border_style=&#8221;solid&#8221; bg_image_animation=&#8221;none&#8221; offset=&#8221;vc_hidden-sm vc_hidden-xs&#8221;][image_with_animation image_url=&#8221;15218&#8243; animation=&#8221;Fade In&#8221; hover_animation=&#8221;none&#8221; alignment=&#8221;&#8221; border_radius=&#8221;none&#8221; box_shadow=&#8221;none&#8221; image_loading=&#8221;default&#8221; max_width=&#8221;100%&#8221; max_width_mobile=&#8221;default&#8221; margin_top=&#8221;15&#8243;][nectar_btn size=&#8221;large&#8221; open_new_tab=&#8221;true&#8221; button_style=&#8221;regular&#8221; button_color_2=&#8221;Accent-Color&#8221; solid_text_color_override=&#8221;#002336&#8243; icon_family=&#8221;default_arrow&#8221; text=&#8221;TESTE GRATUITO&#8221; url=&#8221;https:\/\/betterplaceapp.com\/pt\/basic?exclude_links=true&amp;tpv=end&amp;utm_source=web&amp;utm_medium=landing&amp;utm_campaign=webinar_intro_popup&#8221; margin_bottom=&#8221;40%&#8221; margin_top=&#8221;20%&#8221;][\/vc_column_inner][\/vc_row_inner][\/vc_column][vc_column column_padding=&#8221;no-extra-padding&#8221; column_padding_tablet=&#8221;inherit&#8221; column_padding_phone=&#8221;inherit&#8221; column_padding_position=&#8221;all&#8221; top_margin=&#8221;33&#8243; bottom_margin=&#8221;3%&#8221; top_margin_phone=&#8221;0%&#8221; background_color_opacity=&#8221;1&#8243; background_hover_color_opacity=&#8221;1&#8243; column_shadow=&#8221;none&#8221; column_border_radius=&#8221;none&#8221; column_link_target=&#8221;_self&#8221; gradient_direction=&#8221;left_to_right&#8221; overlay_strength=&#8221;0.3&#8243; width=&#8221;3\/4&#8243; tablet_width_inherit=&#8221;default&#8221; tablet_text_alignment=&#8221;default&#8221; phone_text_alignment=&#8221;default&#8221; column_border_width=&#8221;none&#8221; column_border_style=&#8221;solid&#8221; bg_image_animation=&#8221;none&#8221;][vc_row_inner column_margin=&#8221;default&#8221; column_direction=&#8221;default&#8221; column_direction_tablet=&#8221;default&#8221; column_direction_phone=&#8221;default&#8221; text_align=&#8221;left&#8221;][vc_column_inner column_padding=&#8221;no-extra-padding&#8221; column_padding_tablet=&#8221;inherit&#8221; column_padding_phone=&#8221;inherit&#8221; column_padding_position=&#8221;all&#8221; background_color_opacity=&#8221;1&#8243; background_hover_color_opacity=&#8221;1&#8243; column_shadow=&#8221;none&#8221; column_border_radius=&#8221;none&#8221; column_link_target=&#8221;_self&#8221; gradient_direction=&#8221;left_to_right&#8221; overlay_strength=&#8221;0.3&#8243; width=&#8221;1\/1&#8243; tablet_width_inherit=&#8221;default&#8221; column_border_width=&#8221;none&#8221; column_border_style=&#8221;solid&#8221; bg_image_animation=&#8221;none&#8221;][vc_raw_html]JTNDaWZyYW1lJTIwc3JjJTNEJTIyaHR0cHMlM0ElMkYlMkZwbGF5ZXIudmltZW8uY29tJTJGdmlkZW8lMkY3NDIyMDQ1MjglM0ZoJTNEMjZmMTY4OGI3MSUyMiUyMHdpZHRoJTNEJTIyNjQwJTIyJTIwaGVpZ2h0JTNEJTIyMzExJTIyJTIwZnJhbWVib3JkZXIlM0QlMjIwJTIyJTIwYWxsb3clM0QlMjJhdXRvcGxheSUzQiUyMGZ1bGxzY3JlZW4lM0IlMjBwaWN0dXJlLWluLXBpY3R1cmUlMjIlMjBhbGxvd2Z1bGxzY3JlZW4lM0UlM0MlMkZpZnJhbWUlM0U=[\/vc_raw_html][\/vc_column_inner][\/vc_row_inner][vc_row_inner content_placement=&#8221;top&#8221; column_margin=&#8221;default&#8221; column_direction=&#8221;default&#8221; column_direction_tablet=&#8221;default&#8221; column_direction_phone=&#8221;default&#8221; text_align=&#8221;left&#8221;][vc_column_inner column_padding=&#8221;no-extra-padding&#8221; column_padding_tablet=&#8221;inherit&#8221; column_padding_phone=&#8221;inherit&#8221; column_padding_position=&#8221;top&#8221; centered_text=&#8221;true&#8221; background_color_opacity=&#8221;1&#8243; background_hover_color_opacity=&#8221;1&#8243; column_shadow=&#8221;medium_depth&#8221; column_border_radius=&#8221;3px&#8221; column_link_target=&#8221;_self&#8221; gradient_direction=&#8221;left_to_right&#8221; overlay_strength=&#8221;0.3&#8243; width=&#8221;1\/1&#8243; tablet_width_inherit=&#8221;default&#8221; column_border_width=&#8221;none&#8221; column_border_style=&#8221;solid&#8221; bg_image_animation=&#8221;none&#8221; offset=&#8221;vc_hidden-lg vc_hidden-md&#8221;][image_with_animation image_url=&#8221;13478&#8243; animation=&#8221;Fade In&#8221; hover_animation=&#8221;none&#8221; alignment=&#8221;&#8221; border_radius=&#8221;none&#8221; box_shadow=&#8221;none&#8221; image_loading=&#8221;default&#8221; max_width=&#8221;100%&#8221; max_width_mobile=&#8221;default&#8221; margin_top=&#8221;15&#8243;][nectar_btn size=&#8221;large&#8221; open_new_tab=&#8221;true&#8221; button_style=&#8221;regular&#8221; button_color_2=&#8221;Accent-Color&#8221; solid_text_color_override=&#8221;#002336&#8243; icon_family=&#8221;default_arrow&#8221; text=&#8221;TESTE GRATUITO&#8221; url=&#8221;https:\/\/betterplaceapp.com\/basic?exclude_links=true&amp;tpv=end&amp;utm_source=web&amp;utm_medium=landing&amp;utm_campaign=webinar_intro_popup&#8221; margin_bottom=&#8221;22%&#8221; margin_top=&#8221;18%&#8221;][\/vc_column_inner][\/vc_row_inner][\/vc_column][\/vc_row][vc_row type=&#8221;in_container&#8221; full_screen_row_position=&#8221;middle&#8221; column_margin=&#8221;default&#8221; column_direction=&#8221;default&#8221; column_direction_tablet=&#8221;default&#8221; column_direction_phone=&#8221;default&#8221; scene_position=&#8221;center&#8221; bottom_padding=&#8221;5%&#8221; text_color=&#8221;dark&#8221; text_align=&#8221;left&#8221; row_border_radius=&#8221;none&#8221; row_border_radius_applies=&#8221;bg&#8221; overlay_strength=&#8221;0.3&#8243; gradient_direction=&#8221;left_to_right&#8221; shape_divider_position=&#8221;bottom&#8221; bg_image_animation=&#8221;none&#8221; shape_type=&#8221;&#8221;][vc_column column_padding=&#8221;no-extra-padding&#8221; column_padding_tablet=&#8221;inherit&#8221; column_padding_phone=&#8221;inherit&#8221; column_padding_position=&#8221;all&#8221; background_color_opacity=&#8221;1&#8243; background_hover_color_opacity=&#8221;1&#8243; column_shadow=&#8221;none&#8221; column_border_radius=&#8221;none&#8221; column_link_target=&#8221;_self&#8221; gradient_direction=&#8221;left_to_right&#8221; overlay_strength=&#8221;0.3&#8243; width=&#8221;1\/4&#8243; tablet_width_inherit=&#8221;default&#8221; tablet_text_alignment=&#8221;default&#8221; phone_text_alignment=&#8221;default&#8221; column_border_width=&#8221;none&#8221; column_border_style=&#8221;solid&#8221; bg_image_animation=&#8221;none&#8221; offset=&#8221;vc_hidden-xs&#8221;][divider line_type=&#8221;No Line&#8221;][\/vc_column][vc_column column_padding=&#8221;no-extra-padding&#8221; column_padding_tablet=&#8221;inherit&#8221; column_padding_phone=&#8221;inherit&#8221; column_padding_position=&#8221;all&#8221; top_margin_phone=&#8221;10%&#8221; background_color_opacity=&#8221;1&#8243; background_hover_color_opacity=&#8221;1&#8243; column_shadow=&#8221;none&#8221; column_border_radius=&#8221;none&#8221; column_link_target=&#8221;_self&#8221; gradient_direction=&#8221;left_to_right&#8221; overlay_strength=&#8221;0.3&#8243; width=&#8221;3\/4&#8243; tablet_width_inherit=&#8221;default&#8221; tablet_text_alignment=&#8221;default&#8221; phone_text_alignment=&#8221;default&#8221; column_border_width=&#8221;none&#8221; column_border_style=&#8221;solid&#8221; bg_image_animation=&#8221;none&#8221;][vc_row_inner column_margin=&#8221;default&#8221; column_direction=&#8221;default&#8221; column_direction_tablet=&#8221;default&#8221; column_direction_phone=&#8221;default&#8221; text_align=&#8221;left&#8221;][vc_column_inner column_padding=&#8221;no-extra-padding&#8221; column_padding_tablet=&#8221;inherit&#8221; column_padding_phone=&#8221;inherit&#8221; column_padding_position=&#8221;all&#8221; left_margin_phone=&#8221;5%&#8221; constrain_group_6=&#8221;yes&#8221; right_margin_phone=&#8221;5%&#8221; background_color_opacity=&#8221;1&#8243; background_hover_color_opacity=&#8221;1&#8243; column_shadow=&#8221;none&#8221; column_border_radius=&#8221;none&#8221; column_link_target=&#8221;_self&#8221; gradient_direction=&#8221;left_to_right&#8221; overlay_strength=&#8221;0.3&#8243; width=&#8221;1\/1&#8243; tablet_width_inherit=&#8221;default&#8221; column_border_width=&#8221;none&#8221; column_border_style=&#8221;solid&#8221; bg_image_animation=&#8221;none&#8221;][nectar_highlighted_text color_type=&#8221;regular&#8221; text_color=&#8221;#000000&#8243; style=&#8221;half_text&#8221;]\n<h3><strong>Neste webinar, vamos analisar:<\/strong><\/h3>\n[\/nectar_highlighted_text][\/vc_column_inner][\/vc_row_inner][vc_row_inner column_margin=&#8221;default&#8221; column_direction=&#8221;default&#8221; column_direction_tablet=&#8221;default&#8221; column_direction_phone=&#8221;default&#8221; text_align=&#8221;left&#8221;][vc_column_inner column_padding=&#8221;no-extra-padding&#8221; column_padding_tablet=&#8221;inherit&#8221; column_padding_phone=&#8221;inherit&#8221; column_padding_position=&#8221;all&#8221; left_margin_phone=&#8221;5%&#8221; constrain_group_6=&#8221;yes&#8221; right_margin_phone=&#8221;5%&#8221; background_color_opacity=&#8221;1&#8243; background_hover_color_opacity=&#8221;1&#8243; column_shadow=&#8221;none&#8221; column_border_radius=&#8221;none&#8221; column_link_target=&#8221;_self&#8221; gradient_direction=&#8221;left_to_right&#8221; overlay_strength=&#8221;0.3&#8243; width=&#8221;1\/1&#8243; tablet_width_inherit=&#8221;default&#8221; column_border_width=&#8221;none&#8221; column_border_style=&#8221;solid&#8221; bg_image_animation=&#8221;none&#8221;][vc_column_text]\n<p style=\"text-align: left;\"><span style=\"color: #000000;\">\u2714 Porque deve usar Betterplace para aumentar as suas angaria\u00e7\u00f5es.<\/span><\/p>\n[\/vc_column_text][\/vc_column_inner][\/vc_row_inner][vc_row_inner column_margin=&#8221;default&#8221; column_direction=&#8221;default&#8221; column_direction_tablet=&#8221;default&#8221; column_direction_phone=&#8221;default&#8221; text_align=&#8221;left&#8221;][vc_column_inner column_padding=&#8221;no-extra-padding&#8221; column_padding_tablet=&#8221;inherit&#8221; column_padding_phone=&#8221;inherit&#8221; column_padding_position=&#8221;all&#8221; left_margin_phone=&#8221;5%&#8221; constrain_group_6=&#8221;yes&#8221; right_margin_phone=&#8221;5%&#8221; background_color_opacity=&#8221;1&#8243; background_hover_color_opacity=&#8221;1&#8243; column_shadow=&#8221;none&#8221; column_border_radius=&#8221;none&#8221; column_link_target=&#8221;_self&#8221; gradient_direction=&#8221;left_to_right&#8221; overlay_strength=&#8221;0.3&#8243; width=&#8221;1\/1&#8243; tablet_width_inherit=&#8221;default&#8221; column_border_width=&#8221;none&#8221; column_border_style=&#8221;solid&#8221; bg_image_animation=&#8221;none&#8221;][vc_column_text]\n<p style=\"text-align: left;\"><span style=\"color: #000000;\">\u2714 Porque \u00e9 que os nossos clientes confiam em n\u00f3s?<\/span><\/p>\n[\/vc_column_text][\/vc_column_inner][\/vc_row_inner][vc_row_inner column_margin=&#8221;default&#8221; column_direction=&#8221;default&#8221; column_direction_tablet=&#8221;default&#8221; column_direction_phone=&#8221;default&#8221; text_align=&#8221;left&#8221;][vc_column_inner column_padding=&#8221;no-extra-padding&#8221; column_padding_tablet=&#8221;inherit&#8221; column_padding_phone=&#8221;inherit&#8221; column_padding_position=&#8221;all&#8221; left_margin_phone=&#8221;5%&#8221; constrain_group_6=&#8221;yes&#8221; right_margin_phone=&#8221;5%&#8221; background_color_opacity=&#8221;1&#8243; background_hover_color_opacity=&#8221;1&#8243; column_shadow=&#8221;none&#8221; column_border_radius=&#8221;none&#8221; column_link_target=&#8221;_self&#8221; gradient_direction=&#8221;left_to_right&#8221; overlay_strength=&#8221;0.3&#8243; width=&#8221;1\/1&#8243; tablet_width_inherit=&#8221;default&#8221; column_border_width=&#8221;none&#8221; column_border_style=&#8221;solid&#8221; bg_image_animation=&#8221;none&#8221;][vc_column_text]\n<p style=\"text-align: left;\"><span style=\"color: #000000;\">\u2714 Uma visita guiada \u00e0 nossa aplica\u00e7\u00e3o, explicando-lhe passo a passo como aumentar as parcerias, com a ajuda da nossa ferramenta.<\/span><\/p>\n[\/vc_column_text][\/vc_column_inner][\/vc_row_inner][vc_row_inner column_margin=&#8221;default&#8221; column_direction=&#8221;default&#8221; column_direction_tablet=&#8221;default&#8221; column_direction_phone=&#8221;default&#8221; text_align=&#8221;left&#8221;][vc_column_inner column_padding=&#8221;no-extra-padding&#8221; column_padding_tablet=&#8221;inherit&#8221; column_padding_phone=&#8221;inherit&#8221; column_padding_position=&#8221;all&#8221; top_margin=&#8221;2%&#8221; background_color_opacity=&#8221;1&#8243; background_hover_color_opacity=&#8221;1&#8243; column_shadow=&#8221;none&#8221; column_border_radius=&#8221;none&#8221; column_link_target=&#8221;_self&#8221; gradient_direction=&#8221;left_to_right&#8221; overlay_strength=&#8221;0.3&#8243; width=&#8221;1\/1&#8243; tablet_width_inherit=&#8221;default&#8221; column_border_width=&#8221;none&#8221; column_border_style=&#8221;solid&#8221; bg_image_animation=&#8221;none&#8221;][nectar_btn size=&#8221;jumbo&#8221; open_new_tab=&#8221;true&#8221; button_style=&#8221;regular&#8221; button_color_2=&#8221;Accent-Color&#8221; solid_text_color_override=&#8221;#002336&#8243; icon_family=&#8221;default_arrow&#8221; text=&#8221;TESTE GRATUITO&#8221; url=&#8221;https:\/\/betterplaceapp.com\/pt\/basic?exclude_links=true&amp;tpv=end&amp;utm_source=web&amp;utm_medium=landing&amp;utm_campaign=webinar_intro_popup&#8221; margin_top=&#8221;2%&#8221;][\/vc_column_inner][\/vc_row_inner][\/vc_column][\/vc_row]\n","protected":false},"excerpt":{"rendered":"<p>[vc_row type=&#8221;full_width_background&#8221; full_screen_row_position=&#8221;middle&#8221; column_margin=&#8221;default&#8221; column_direction=&#8221;default&#8221; column_direction_tablet=&#8221;default&#8221; column_direction_phone=&#8221;default&#8221; scene_position=&#8221;center&#8221; top_padding=&#8221;3%&#8221; top_padding_phone=&#8221;0%&#8221; text_color=&#8221;light&#8221; text_align=&#8221;left&#8221; row_border_radius=&#8221;none&#8221; row_border_radius_applies=&#8221;bg&#8221; overlay_strength=&#8221;0.3&#8243; gradient_direction=&#8221;left_to_right&#8221; shape_divider_position=&#8221;bottom&#8221; bg_image_animation=&#8221;none&#8221; shape_type=&#8221;&#8221;][vc_column column_padding=&#8221;no-extra-padding&#8221; column_padding_tablet=&#8221;inherit&#8221; column_padding_phone=&#8221;inherit&#8221; column_padding_position=&#8221;all&#8221; top_margin=&#8221;18&#8243; centered_text=&#8221;true&#8221; background_color_opacity=&#8221;1&#8243; background_hover_color_opacity=&#8221;1&#8243; column_shadow=&#8221;none&#8221; column_border_radius=&#8221;none&#8221; column_link_target=&#8221;_self&#8221;&#8230;<\/p>\n","protected":false},"author":6,"featured_media":0,"parent":0,"menu_order":0,"comment_status":"closed","ping_status":"closed","template":"","meta":[],"yoast_head":"<!-- This site is optimized with the Yoast SEO plugin v18.2 - https:\/\/yoast.com\/wordpress\/plugins\/seo\/ -->\n<title>Webinar de introdu\u00e7\u00e3o | Software Imobili\u00e1rio Betterplace<\/title>\n<meta name=\"description\" content=\"Descubra o que \u00e9 Betterplace e todos os benef\u00edcios que o nosso software de angari\u00e7\u00e3o imobili\u00e1rio lhe pode trazer em apenas 10 minutos!\" \/>\n<meta name=\"robots\" content=\"noindex, follow\" \/>\n<meta property=\"og:locale\" content=\"pt_PT\" \/>\n<meta property=\"og:type\" content=\"article\" \/>\n<meta property=\"og:title\" content=\"Webinar de introdu\u00e7\u00e3o | Software Imobili\u00e1rio Betterplace\" \/>\n<meta property=\"og:description\" content=\"Descubra o que \u00e9 Betterplace e todos os benef\u00edcios que o nosso software de angari\u00e7\u00e3o imobili\u00e1rio lhe pode trazer em apenas 10 minutos!\" \/>\n<meta property=\"og:url\" content=\"https:\/\/betterplaceweb.com\/pt-pt\/webinar-de-introducao\/\" \/>\n<meta property=\"og:site_name\" content=\"Software para aumentar tus captaciones | Betterplace\" \/>\n<meta property=\"article:publisher\" content=\"https:\/\/www.facebook.com\/betterplaceapp\/\" \/>\n<meta property=\"article:modified_time\" content=\"2022-09-01T15:17:48+00:00\" \/>\n<meta name=\"twitter:card\" content=\"summary_large_image\" \/>\n<meta name=\"twitter:site\" content=\"@Betterplaceapp\" \/>\n<script type=\"application\/ld+json\" class=\"yoast-schema-graph\">{\"@context\":\"https:\/\/schema.org\",\"@graph\":[{\"@type\":\"Organization\",\"@id\":\"https:\/\/betterplaceweb.com\/#organization\",\"name\":\"Betterplace\",\"url\":\"https:\/\/betterplaceweb.com\/\",\"sameAs\":[\"https:\/\/www.facebook.com\/betterplaceapp\/\",\"https:\/\/www.instagram.com\/betterplace_app\/\",\"https:\/\/www.linkedin.com\/company\/10589807\/\",\"https:\/\/www.youtube.com\/channel\/UC32SRP3VDH-3JIfj8PP8LOA\",\"https:\/\/twitter.com\/Betterplaceapp\"],\"logo\":{\"@type\":\"ImageObject\",\"@id\":\"https:\/\/betterplaceweb.com\/#logo\",\"inLanguage\":\"pt-PT\",\"url\":\"https:\/\/betterplaceweb.com\/wp-content\/uploads\/2020\/06\/logo_better_header_black.png\",\"contentUrl\":\"https:\/\/betterplaceweb.com\/wp-content\/uploads\/2020\/06\/logo_better_header_black.png\",\"width\":380,\"height\":79,\"caption\":\"Betterplace\"},\"image\":{\"@id\":\"https:\/\/betterplaceweb.com\/#logo\"}},{\"@type\":\"WebSite\",\"@id\":\"https:\/\/betterplaceweb.com\/#website\",\"url\":\"https:\/\/betterplaceweb.com\/\",\"name\":\"Software para aumentar tus captaciones | Betterplace\",\"description\":\"Valoraci\u00f3n de viviendas, captaci\u00f3n de particulares y estudios de mercado, Betterplace es compatible con tu CRM y agiliza el trabajo de tu agentes!\",\"publisher\":{\"@id\":\"https:\/\/betterplaceweb.com\/#organization\"},\"potentialAction\":[{\"@type\":\"SearchAction\",\"target\":{\"@type\":\"EntryPoint\",\"urlTemplate\":\"https:\/\/betterplaceweb.com\/?s={search_term_string}\"},\"query-input\":\"required name=search_term_string\"}],\"inLanguage\":\"pt-PT\"},{\"@type\":\"WebPage\",\"@id\":\"https:\/\/betterplaceweb.com\/pt-pt\/webinar-de-introducao\/#webpage\",\"url\":\"https:\/\/betterplaceweb.com\/pt-pt\/webinar-de-introducao\/\",\"name\":\"Webinar de introdu\u00e7\u00e3o | Software Imobili\u00e1rio Betterplace\",\"isPartOf\":{\"@id\":\"https:\/\/betterplaceweb.com\/#website\"},\"datePublished\":\"2022-02-18T09:46:41+00:00\",\"dateModified\":\"2022-09-01T15:17:48+00:00\",\"description\":\"Descubra o que \u00e9 Betterplace e todos os benef\u00edcios que o nosso software de angari\u00e7\u00e3o imobili\u00e1rio lhe pode trazer em apenas 10 minutos!\",\"breadcrumb\":{\"@id\":\"https:\/\/betterplaceweb.com\/pt-pt\/webinar-de-introducao\/#breadcrumb\"},\"inLanguage\":\"pt-PT\",\"potentialAction\":[{\"@type\":\"ReadAction\",\"target\":[\"https:\/\/betterplaceweb.com\/pt-pt\/webinar-de-introducao\/\"]}]},{\"@type\":\"BreadcrumbList\",\"@id\":\"https:\/\/betterplaceweb.com\/pt-pt\/webinar-de-introducao\/#breadcrumb\",\"itemListElement\":[{\"@type\":\"ListItem\",\"position\":1,\"name\":\"Portada\",\"item\":\"https:\/\/betterplaceweb.com\/pt-pt\/\"},{\"@type\":\"ListItem\",\"position\":2,\"name\":\"Webinar de introdu\u00e7\u00e3o\"}]}]}<\/script>\n<!-- \/ Yoast SEO plugin. -->","yoast_head_json":{"title":"Webinar de introdu\u00e7\u00e3o | Software Imobili\u00e1rio Betterplace","description":"Descubra o que \u00e9 Betterplace e todos os benef\u00edcios que o nosso software de angari\u00e7\u00e3o imobili\u00e1rio lhe pode trazer em apenas 10 minutos!","robots":{"index":"noindex","follow":"follow"},"og_locale":"pt_PT","og_type":"article","og_title":"Webinar de introdu\u00e7\u00e3o | Software Imobili\u00e1rio Betterplace","og_description":"Descubra o que \u00e9 Betterplace e todos os benef\u00edcios que o nosso software de angari\u00e7\u00e3o imobili\u00e1rio lhe pode trazer em apenas 10 minutos!","og_url":"https:\/\/betterplaceweb.com\/pt-pt\/webinar-de-introducao\/","og_site_name":"Software para aumentar tus captaciones | Betterplace","article_publisher":"https:\/\/www.facebook.com\/betterplaceapp\/","article_modified_time":"2022-09-01T15:17:48+00:00","twitter_card":"summary_large_image","twitter_site":"@Betterplaceapp","schema":{"@context":"https:\/\/schema.org","@graph":[{"@type":"Organization","@id":"https:\/\/betterplaceweb.com\/#organization","name":"Betterplace","url":"https:\/\/betterplaceweb.com\/","sameAs":["https:\/\/www.facebook.com\/betterplaceapp\/","https:\/\/www.instagram.com\/betterplace_app\/","https:\/\/www.linkedin.com\/company\/10589807\/","https:\/\/www.youtube.com\/channel\/UC32SRP3VDH-3JIfj8PP8LOA","https:\/\/twitter.com\/Betterplaceapp"],"logo":{"@type":"ImageObject","@id":"https:\/\/betterplaceweb.com\/#logo","inLanguage":"pt-PT","url":"https:\/\/betterplaceweb.com\/wp-content\/uploads\/2020\/06\/logo_better_header_black.png","contentUrl":"https:\/\/betterplaceweb.com\/wp-content\/uploads\/2020\/06\/logo_better_header_black.png","width":380,"height":79,"caption":"Betterplace"},"image":{"@id":"https:\/\/betterplaceweb.com\/#logo"}},{"@type":"WebSite","@id":"https:\/\/betterplaceweb.com\/#website","url":"https:\/\/betterplaceweb.com\/","name":"Software para aumentar tus captaciones | Betterplace","description":"Valoraci\u00f3n de viviendas, captaci\u00f3n de particulares y estudios de mercado, Betterplace es compatible con tu CRM y agiliza el trabajo de tu agentes!","publisher":{"@id":"https:\/\/betterplaceweb.com\/#organization"},"potentialAction":[{"@type":"SearchAction","target":{"@type":"EntryPoint","urlTemplate":"https:\/\/betterplaceweb.com\/?s={search_term_string}"},"query-input":"required name=search_term_string"}],"inLanguage":"pt-PT"},{"@type":"WebPage","@id":"https:\/\/betterplaceweb.com\/pt-pt\/webinar-de-introducao\/#webpage","url":"https:\/\/betterplaceweb.com\/pt-pt\/webinar-de-introducao\/","name":"Webinar de introdu\u00e7\u00e3o | Software Imobili\u00e1rio Betterplace","isPartOf":{"@id":"https:\/\/betterplaceweb.com\/#website"},"datePublished":"2022-02-18T09:46:41+00:00","dateModified":"2022-09-01T15:17:48+00:00","description":"Descubra o que \u00e9 Betterplace e todos os benef\u00edcios que o nosso software de angari\u00e7\u00e3o imobili\u00e1rio lhe pode trazer em apenas 10 minutos!","breadcrumb":{"@id":"https:\/\/betterplaceweb.com\/pt-pt\/webinar-de-introducao\/#breadcrumb"},"inLanguage":"pt-PT","potentialAction":[{"@type":"ReadAction","target":["https:\/\/betterplaceweb.com\/pt-pt\/webinar-de-introducao\/"]}]},{"@type":"BreadcrumbList","@id":"https:\/\/betterplaceweb.com\/pt-pt\/webinar-de-introducao\/#breadcrumb","itemListElement":[{"@type":"ListItem","position":1,"name":"Portada","item":"https:\/\/betterplaceweb.com\/pt-pt\/"},{"@type":"ListItem","position":2,"name":"Webinar de introdu\u00e7\u00e3o"}]}]}},"_links":{"self":[{"href":"https:\/\/betterplaceweb.com\/pt-pt\/wp-json\/wp\/v2\/pages\/13036"}],"collection":[{"href":"https:\/\/betterplaceweb.com\/pt-pt\/wp-json\/wp\/v2\/pages"}],"about":[{"href":"https:\/\/betterplaceweb.com\/pt-pt\/wp-json\/wp\/v2\/types\/page"}],"author":[{"embeddable":true,"href":"https:\/\/betterplaceweb.com\/pt-pt\/wp-json\/wp\/v2\/users\/6"}],"replies":[{"embeddable":true,"href":"https:\/\/betterplaceweb.com\/pt-pt\/wp-json\/wp\/v2\/comments?post=13036"}],"version-history":[{"count":0,"href":"https:\/\/betterplaceweb.com\/pt-pt\/wp-json\/wp\/v2\/pages\/13036\/revisions"}],"wp:attachment":[{"href":"https:\/\/betterplaceweb.com\/pt-pt\/wp-json\/wp\/v2\/media?parent=13036"}],"curies":[{"name":"wp","href":"https:\/\/api.w.org\/{rel}","templated":true}]}}