{"id":13080,"date":"2020-08-20T07:50:15","date_gmt":"2020-08-20T07:50:15","guid":{"rendered":"https:\/\/betterplaceweb.com\/aviso-legal\/"},"modified":"2022-07-15T10:40:58","modified_gmt":"2022-07-15T10:40:58","slug":"aviso-legal","status":"publish","type":"page","link":"https:\/\/betterplaceweb.com\/pt-pt\/aviso-legal\/","title":{"rendered":"Aviso Legal"},"content":{"rendered":"[vc_row type=&#8221;in_container&#8221; full_screen_row_position=&#8221;middle&#8221; column_margin=&#8221;default&#8221; column_direction=&#8221;default&#8221; column_direction_tablet=&#8221;default&#8221; column_direction_phone=&#8221;default&#8221; scene_position=&#8221;center&#8221; text_color=&#8221;dark&#8221; text_align=&#8221;left&#8221; row_border_radius=&#8221;none&#8221; row_border_radius_applies=&#8221;bg&#8221; overlay_strength=&#8221;0.3&#8243; gradient_direction=&#8221;left_to_right&#8221; shape_divider_position=&#8221;bottom&#8221; bg_image_animation=&#8221;none&#8221;][vc_column column_padding=&#8221;no-extra-padding&#8221; column_padding_tablet=&#8221;inherit&#8221; column_padding_phone=&#8221;inherit&#8221; column_padding_position=&#8221;all&#8221; background_color_opacity=&#8221;1&#8243; background_hover_color_opacity=&#8221;1&#8243; column_shadow=&#8221;none&#8221; column_border_radius=&#8221;none&#8221; column_link_target=&#8221;_self&#8221; gradient_direction=&#8221;left_to_right&#8221; overlay_strength=&#8221;0.3&#8243; width=&#8221;1\/1&#8243; tablet_width_inherit=&#8221;default&#8221; tablet_text_alignment=&#8221;default&#8221; phone_text_alignment=&#8221;default&#8221; column_border_width=&#8221;none&#8221; column_border_style=&#8221;solid&#8221; bg_image_animation=&#8221;none&#8221;][vc_column_text]\n<h1 style=\"text-align: center;\">AVISO LEGAL<\/h1>\n<p><strong>TITULARIDAD<\/strong><\/p>\n<p>En cumplimiento de las obligaciones establecidas en el art\u00edculo 10 de la Ley 34\/2002, de 11 de julio, de Servicios de la Sociedad de la Informaci\u00f3n y Comercio Electr\u00f3nico, se hace constar que esta p\u00e1gina corresponde a la entidad:<\/p>\n<p>PLACE ANALYTICS, S.L..\u00a0 CIF: B74387366<\/p>\n<p>Domicilio: C\/ Catedr\u00e1tico \u00c1lvarez Buylla 59 Bj N \u2013 33013 Oviedo, Asturias.<\/p>\n<p>Tfno: 984 994 851<\/p>\n<p>Mail: rgpd@betterplaceapp.com<\/p>\n<p>Web: www.betterplaceweb.com<\/p>\n<p>Inscripci\u00f3n de la entidad:<\/p>\n<p>Registro Mercantil de Oviedo con fecha 20\/04\/2015, n\u00famero de inscripci\u00f3n 1, tomo 4113, folio 210, secci\u00f3n, hoja 48126<\/p>\n<p><strong>USUARIOS<\/strong><\/p>\n<p>El acceso y\/o uso de este portal de PLACE ANALYTICS, S.L. atribuye la condici\u00f3n de USUARIO, que acepta, desde dicho acceso y\/o uso, las Condiciones Generales de Uso aqu\u00ed reflejadas. Las citadas Condiciones ser\u00e1n de aplicaci\u00f3n independientemente de las Condiciones Generales de Contrataci\u00f3n que en su caso resulten de obligado cumplimiento.<\/p>\n<p>&nbsp;<\/p>\n<p><strong>USO DEL PORTAL<\/strong><\/p>\n<p>www.betterplaceweb.com\u00a0 proporciona el acceso a multitud de informaciones, servicios, programas o datos (en adelante, &#8220;los contenidos&#8221;) en Internet pertenecientes a PLACE ANALYTICS, S.L. o a sus licenciantes a los que el USUARIO pueda tener acceso. El USUARIO asume la responsabilidad del uso del portal. Dicha responsabilidad se extiende al registro que fuese necesario para acceder a determinados servicios o contenidos. En dicho registro el USUARIO ser\u00e1 responsable de aportar informaci\u00f3n veraz y l\u00edcita. Como consecuencia de este registro, al USUARIO se le puede proporcionar una contrase\u00f1a de la que ser\u00e1 responsable, comprometi\u00e9ndose a hacer un uso diligente y confidencial de la misma. El USUARIO se compromete a hacer un uso adecuado de los contenidos y servicios que PLACE ANALYTICS, S.L. puede ofrece a trav\u00e9s de su portal y con car\u00e1cter enunciativo pero no limitativo, a no emplearlos para (i) incurrir en actividades il\u00edcitas, ilegales o contrarias a la buena fe y al orden p\u00fablico; (ii) difundir contenidos o propaganda de car\u00e1cter racista, xen\u00f3fobo, pornogr\u00e1fico-ilegal, de apolog\u00eda del terrorismo o atentatorio contra los derechos humanos; (iii) provocar da\u00f1os en los sistemas f\u00edsicos y l\u00f3gicos de PLACE ANALYTICS, S.L., de sus proveedores o de terceras personas, introducir o difundir en la red virus inform\u00e1ticos o cualesquiera otros sistemas f\u00edsicos o l\u00f3gicos que sean susceptibles de provocar los da\u00f1os anteriormente mencionados; (iv) intentar acceder y, en su caso, utilizar las cuentas de correo electr\u00f3nico de otros usuarios y modificar o manipular sus mensajes. PLACE ANALYTICS, S.L. se reserva el derecho de retirar todos aquellos comentarios y aportaciones que vulneren el respeto a la dignidad de la persona, que sean discriminatorios, xen\u00f3fobos, racistas, pornogr\u00e1ficos, que atenten contra la juventud o la infancia, el orden o la seguridad p\u00fablica o que, a su juicio, no resultaran adecuados para su publicaci\u00f3n. En cualquier caso, PLACE ANALYTICS, S.L. no ser\u00e1 responsable de las opiniones vertidas por los usuarios a trav\u00e9s de los foros, chats, u otras herramientas de participaci\u00f3n.<\/p>\n<p>&nbsp;<\/p>\n<div class=\"p-rich_text_section\"><b data-stringify-type=\"bold\">NO COMPARTIR UNA CUENTA ENTRE VARIOS USUARIOS\u00a0<\/b><br \/>\nLas cuentas de Betterplace est\u00e1n pensadas para que las emplee s\u00f3lo un usuario. Si varios usuarios de tu organizaci\u00f3n acceden con frecuencia a la misma cuenta de Betterplace utilizando las mismas credenciales, pueden ocurrir estos problemas:<\/div>\n<ul class=\"p-rich_text_list p-rich_text_list__bullet\" data-stringify-type=\"unordered-list\" data-indent=\"0\">\n<li data-stringify-indent=\"0\">Es posible que alcancen el umbral de la cuenta.<\/li>\n<li data-stringify-indent=\"0\">Es posible que se les solicite verificar su identidad o responder a una pregunta.<\/li>\n<li data-stringify-indent=\"0\">Es posible que la cuenta se bloquee temporalmente.<\/li>\n<\/ul>\n<div class=\"p-rich_text_section\">Si varios usuarios de tu organizaci\u00f3n necesitan acceso a Betterplace, recomendamos la\u00a0<a class=\"c-link\" href=\"https:\/\/betterplaceweb.com\/pt-pt\/?page_id=12802\" target=\"_blank\" rel=\"noopener noreferrer\" data-stringify-link=\"https:\/\/betterplaceweb.com\/tarifas\/\" data-sk=\"tooltip_parent\">contrataci\u00f3n de claves de acceso adicionales.<\/a><\/div>\n<p>&nbsp;<\/p>\n<p><strong>PROPIEDAD INTELECTUAL E INDUSTRIAL<\/strong><\/p>\n<p>PLACE ANALYTICS, S.L. por s\u00ed o como cesionaria, es titular de todos los derechos de propiedad intelectual e industrial de su p\u00e1gina web, as\u00ed como de los elementos contenidos en la misma (a t\u00edtulo enunciativo, im\u00e1genes, sonido, audio, v\u00eddeo, software o textos; marcas o logotipos, combinaciones de colores, estructura y dise\u00f1o, selecci\u00f3n de materiales usados, programas de ordenador necesarios para su funcionamiento, acceso y uso, etc.), titularidad de PLACE ANALYTICS, S.L. o bien de sus licenciantes. Todos los derechos reservados. En virtud de lo dispuesto en los art\u00edculos 8 y 32.1, p\u00e1rrafo segundo, de la Ley de Propiedad Intelectual, quedan expresamente prohibidas la reproducci\u00f3n, la distribuci\u00f3n y la comunicaci\u00f3n p\u00fablica, incluida su modalidad de puesta a disposici\u00f3n, de la totalidad o parte de los contenidos de esta p\u00e1gina web, con fines comerciales, en cualquier soporte y por cualquier medio t\u00e9cnico, sin la autorizaci\u00f3n de PLACE ANALYTICS, S.L.. El USUARIO se compromete a respetar los derechos de Propiedad Intelectual e Industrial titularidad de PLACE ANALYTICS, S.L.. Podr\u00e1 visualizar los elementos del portal e incluso imprimirlos, copiarlos y almacenarlos en el disco duro de su ordenador o en cualquier otro soporte f\u00edsico siempre y cuando sea, \u00fanica y exclusivamente, para su uso personal y privado. El USUARIO deber\u00e1 abstenerse de suprimir, alterar, eludir o manipular cualquier dispositivo de protecci\u00f3n o sistema de seguridad que estuviera instalado en el las p\u00e1ginas de PLACE ANALYTICS, S.L..<\/p>\n<p>&nbsp;<\/p>\n<p><strong>DIRECCIONES IP<\/strong><\/p>\n<p>Los servidores del sitio web podr\u00e1n detectar de manera autom\u00e1tica la direcci\u00f3n IP y el nombre de dominio utilizados por el usuario. Una direcci\u00f3n IP es un n\u00famero asignado autom\u00e1ticamente a un ordenador cuando \u00e9sta se conecta a Internet. Toda esta informaci\u00f3n es registrada en un fichero de actividad del servidor debidamente inscrito que permite el posterior procesamiento de los datos con el fin de obtener mediciones \u00fanicamente estad\u00edsticas que permitan conocer el n\u00famero de impresiones de p\u00e1ginas, el n\u00famero de visitas realizadas a los servicios web, el orden de visitas, el punto de acceso, etc.<\/p>\n<p>&nbsp;<\/p>\n<p><strong>EXCLUSI\u00d3N DE GARANT\u00cdAS Y RESPONSABILIDAD<\/strong><\/p>\n<p>PLACE ANALYTICS, S.L. no se hace responsable, en ning\u00fan caso, de los da\u00f1os y perjuicios de cualquier naturaleza que pudieran ocasionar, a t\u00edtulo enunciativo: errores u omisiones en los contenidos, falta de disponibilidad del portal o la transmisi\u00f3n de virus o programas maliciosos o lesivos en los contenidos, a pesar de haber adoptado todas las medidas tecnol\u00f3gicas necesarias para evitarlo.<\/p>\n<p>&nbsp;<\/p>\n<p><strong>MODIFICACIONES<\/strong><\/p>\n<p>PLACE ANALYTICS, S.L. se reserva el derecho de efectuar sin previo aviso las modificaciones que considere oportunas en su portal, pudiendo cambiar, suprimir o a\u00f1adir tanto los contenidos y servicios que se presten a trav\u00e9s de la misma como la forma en la que \u00e9stos aparezcan presentados o localizados en su portal.<\/p>\n<p>&nbsp;<\/p>\n<p><strong>ENLACES<\/strong><\/p>\n<p>En el caso de que en www.betterplaceweb.com\u00a0 se dispusiesen enlaces o hiperv\u00ednculos hac\u00eda otros sitios de Internet, PLACE ANALYTICS, S.L. no ejercer\u00e1 ning\u00fan tipo de control sobre dichos sitios y contenidos. En ning\u00fan caso PLACE ANALYTICS, S.L. asumir\u00e1 responsabilidad alguna por los contenidos de alg\u00fan enlace perteneciente a un sitio web ajeno, ni garantizar\u00e1 la disponibilidad t\u00e9cnica, calidad, fiabilidad, exactitud, amplitud, veracidad, validez y constitucionalidad de cualquier material o informaci\u00f3n contenida en ninguno de dichos hiperv\u00ednculos u otros sitios de Internet. Igualmente la inclusi\u00f3n de estas conexiones externas no implicar\u00e1 ning\u00fan tipo de asociaci\u00f3n, fusi\u00f3n o participaci\u00f3n con las entidades conectadas.<\/p>\n<p>&nbsp;<\/p>\n<p><strong>DERECHO DE EXCLUSI\u00d3N<\/strong><\/p>\n<p>PLACE ANALYTICS, S.L. se reserva el derecho a denegar o retirar el acceso a portal y\/o los servicios ofrecidos sin necesidad de preaviso, a instancia propia o de un tercero, a aquellos usuarios que incumplan las presentes Condiciones Generales de Uso.<\/p>\n<p>&nbsp;<\/p>\n<p><strong>GENERALIDADES<\/strong><\/p>\n<p>PLACE ANALYTICS, S.L. perseguir\u00e1 el incumplimiento de las presentes condiciones as\u00ed como cualquier utilizaci\u00f3n indebida de su portal ejerciendo todas las acciones civiles y penales que le puedan corresponder en derecho.<\/p>\n<p>&nbsp;<\/p>\n<p><strong>MODIFICACI\u00d3N DE LAS PRESENTES CONDICIONES Y DURACI\u00d3N<\/strong><\/p>\n<p>PLACE ANALYTICS, S.L. podr\u00e1 modificar en cualquier momento las condiciones aqu\u00ed determinadas, siendo debidamente publicadas como aqu\u00ed aparecen. La vigencia de las citadas condiciones ir\u00e1 en funci\u00f3n de su exposici\u00f3n y estar\u00e1n vigentes hasta que sean modificadas por otras debidamente publicadas.<\/p>\n<p>&nbsp;<\/p>\n<p><strong>SEGURIDAD<\/strong><\/p>\n<p>El sitio web utiliza t\u00e9cnicas de seguridad de la informaci\u00f3n generalmente aceptadas en la industria, tales como firewalls, procedimientos de control de acceso y mecanismos criptogr\u00e1ficos, todo ello con el objeto de evitar el acceso no autorizado a los datos. Para lograr estos fines, el usuario\/cliente acepta que el prestador obtenga datos para efectos de la correspondiente autenticaci\u00f3n de los controles de acceso.<\/p>\n<p>&nbsp;<\/p>\n<p>Todo proceso de contrataci\u00f3n o que conlleve la introducci\u00f3n de datos personales de car\u00e1cter alto (salud, ideolog\u00eda,\u2026) ser\u00e1n siempre transmitidos mediante protocolo de comunicaci\u00f3n segura (Https:\/\/,\u2026), de tal forma que ning\u00fan tercero tenga acceso a la informaci\u00f3n transmitida v\u00eda electr\u00f3nica.<\/p>\n<p>&nbsp;<\/p>\n<p><strong>LEGISLACI\u00d3N APLICABLE Y JURISDICCI\u00d3N<\/strong><\/p>\n<p>La relaci\u00f3n entre PLACE ANALYTICS, S.L. y el USUARIO se regir\u00e1 por la normativa espa\u00f1ola vigente y cualquier controversia se someter\u00e1 a los Juzgados y tribunales que corresponda.[\/vc_column_text][\/vc_column][\/vc_row]\n","protected":false},"excerpt":{"rendered":"<p>[vc_row type=&#8221;in_container&#8221; full_screen_row_position=&#8221;middle&#8221; column_margin=&#8221;default&#8221; column_direction=&#8221;default&#8221; column_direction_tablet=&#8221;default&#8221; column_direction_phone=&#8221;default&#8221; scene_position=&#8221;center&#8221; text_color=&#8221;dark&#8221; text_align=&#8221;left&#8221; row_border_radius=&#8221;none&#8221; row_border_radius_applies=&#8221;bg&#8221; overlay_strength=&#8221;0.3&#8243; gradient_direction=&#8221;left_to_right&#8221; shape_divider_position=&#8221;bottom&#8221; bg_image_animation=&#8221;none&#8221;][vc_column column_padding=&#8221;no-extra-padding&#8221; column_padding_tablet=&#8221;inherit&#8221; column_padding_phone=&#8221;inherit&#8221; column_padding_position=&#8221;all&#8221; background_color_opacity=&#8221;1&#8243; background_hover_color_opacity=&#8221;1&#8243; column_shadow=&#8221;none&#8221; column_border_radius=&#8221;none&#8221; column_link_target=&#8221;_self&#8221; gradient_direction=&#8221;left_to_right&#8221; overlay_strength=&#8221;0.3&#8243; width=&#8221;1\/1&#8243; tablet_width_inherit=&#8221;default&#8221; tablet_text_alignment=&#8221;default&#8221;&#8230;<\/p>\n","protected":false},"author":6,"featured_media":0,"parent":0,"menu_order":0,"comment_status":"closed","ping_status":"open","template":"","meta":[],"yoast_head":"<!-- This site is optimized with the Yoast SEO plugin v18.2 - https:\/\/yoast.com\/wordpress\/plugins\/seo\/ -->\n<title>Aviso Legal - Software Imobili\u00e1rio | Para Aumentar Angaria\u00e7\u00f5es<\/title>\n<meta name=\"description\" content=\"Aviso Legal | Software Imobili\u00e1rio | Para Aumentar Angaria\u00e7\u00f5es | Betterplace\" \/>\n<meta name=\"robots\" content=\"index, follow, max-snippet:-1, max-image-preview:large, max-video-preview:-1\" \/>\n<link rel=\"canonical\" href=\"https:\/\/betterplaceweb.com\/pt-pt\/aviso-legal\/\" \/>\n<meta property=\"og:locale\" content=\"pt_PT\" \/>\n<meta property=\"og:type\" content=\"article\" \/>\n<meta property=\"og:title\" content=\"Aviso Legal - Software Imobili\u00e1rio | Para Aumentar Angaria\u00e7\u00f5es\" \/>\n<meta property=\"og:description\" content=\"Aviso Legal | Software Imobili\u00e1rio | Para Aumentar Angaria\u00e7\u00f5es | Betterplace\" \/>\n<meta property=\"og:url\" content=\"https:\/\/betterplaceweb.com\/pt-pt\/aviso-legal\/\" \/>\n<meta property=\"og:site_name\" content=\"Software para aumentar tus captaciones | Betterplace\" \/>\n<meta property=\"article:publisher\" content=\"https:\/\/www.facebook.com\/betterplaceapp\/\" \/>\n<meta property=\"article:modified_time\" content=\"2022-07-15T10:40:58+00:00\" \/>\n<meta name=\"twitter:card\" content=\"summary_large_image\" \/>\n<meta name=\"twitter:site\" content=\"@Betterplaceapp\" \/>\n<script type=\"application\/ld+json\" class=\"yoast-schema-graph\">{\"@context\":\"https:\/\/schema.org\",\"@graph\":[{\"@type\":\"Organization\",\"@id\":\"https:\/\/betterplaceweb.com\/#organization\",\"name\":\"Betterplace\",\"url\":\"https:\/\/betterplaceweb.com\/\",\"sameAs\":[\"https:\/\/www.facebook.com\/betterplaceapp\/\",\"https:\/\/www.instagram.com\/betterplace_app\/\",\"https:\/\/www.linkedin.com\/company\/10589807\/\",\"https:\/\/www.youtube.com\/channel\/UC32SRP3VDH-3JIfj8PP8LOA\",\"https:\/\/twitter.com\/Betterplaceapp\"],\"logo\":{\"@type\":\"ImageObject\",\"@id\":\"https:\/\/betterplaceweb.com\/#logo\",\"inLanguage\":\"pt-PT\",\"url\":\"https:\/\/betterplaceweb.com\/wp-content\/uploads\/2020\/06\/logo_better_header_black.png\",\"contentUrl\":\"https:\/\/betterplaceweb.com\/wp-content\/uploads\/2020\/06\/logo_better_header_black.png\",\"width\":380,\"height\":79,\"caption\":\"Betterplace\"},\"image\":{\"@id\":\"https:\/\/betterplaceweb.com\/#logo\"}},{\"@type\":\"WebSite\",\"@id\":\"https:\/\/betterplaceweb.com\/#website\",\"url\":\"https:\/\/betterplaceweb.com\/\",\"name\":\"Software para aumentar tus captaciones | Betterplace\",\"description\":\"Valoraci\u00f3n de viviendas, captaci\u00f3n de particulares y estudios de mercado, Betterplace es compatible con tu CRM y agiliza el trabajo de tu agentes!\",\"publisher\":{\"@id\":\"https:\/\/betterplaceweb.com\/#organization\"},\"potentialAction\":[{\"@type\":\"SearchAction\",\"target\":{\"@type\":\"EntryPoint\",\"urlTemplate\":\"https:\/\/betterplaceweb.com\/?s={search_term_string}\"},\"query-input\":\"required name=search_term_string\"}],\"inLanguage\":\"pt-PT\"},{\"@type\":\"WebPage\",\"@id\":\"https:\/\/betterplaceweb.com\/pt-pt\/aviso-legal\/#webpage\",\"url\":\"https:\/\/betterplaceweb.com\/pt-pt\/aviso-legal\/\",\"name\":\"Aviso Legal - Software Imobili\u00e1rio | Para Aumentar Angaria\u00e7\u00f5es\",\"isPartOf\":{\"@id\":\"https:\/\/betterplaceweb.com\/#website\"},\"datePublished\":\"2020-08-20T07:50:15+00:00\",\"dateModified\":\"2022-07-15T10:40:58+00:00\",\"description\":\"Aviso Legal | Software Imobili\u00e1rio | Para Aumentar Angaria\u00e7\u00f5es | Betterplace\",\"breadcrumb\":{\"@id\":\"https:\/\/betterplaceweb.com\/pt-pt\/aviso-legal\/#breadcrumb\"},\"inLanguage\":\"pt-PT\",\"potentialAction\":[{\"@type\":\"ReadAction\",\"target\":[\"https:\/\/betterplaceweb.com\/pt-pt\/aviso-legal\/\"]}]},{\"@type\":\"BreadcrumbList\",\"@id\":\"https:\/\/betterplaceweb.com\/pt-pt\/aviso-legal\/#breadcrumb\",\"itemListElement\":[{\"@type\":\"ListItem\",\"position\":1,\"name\":\"Portada\",\"item\":\"https:\/\/betterplaceweb.com\/pt-pt\/\"},{\"@type\":\"ListItem\",\"position\":2,\"name\":\"Aviso Legal\"}]}]}<\/script>\n<!-- \/ Yoast SEO plugin. -->","yoast_head_json":{"title":"Aviso Legal - Software Imobili\u00e1rio | Para Aumentar Angaria\u00e7\u00f5es","description":"Aviso Legal | Software Imobili\u00e1rio | Para Aumentar Angaria\u00e7\u00f5es | Betterplace","robots":{"index":"index","follow":"follow","max-snippet":"max-snippet:-1","max-image-preview":"max-image-preview:large","max-video-preview":"max-video-preview:-1"},"canonical":"https:\/\/betterplaceweb.com\/pt-pt\/aviso-legal\/","og_locale":"pt_PT","og_type":"article","og_title":"Aviso Legal - Software Imobili\u00e1rio | Para Aumentar Angaria\u00e7\u00f5es","og_description":"Aviso Legal | Software Imobili\u00e1rio | Para Aumentar Angaria\u00e7\u00f5es | Betterplace","og_url":"https:\/\/betterplaceweb.com\/pt-pt\/aviso-legal\/","og_site_name":"Software para aumentar tus captaciones | Betterplace","article_publisher":"https:\/\/www.facebook.com\/betterplaceapp\/","article_modified_time":"2022-07-15T10:40:58+00:00","twitter_card":"summary_large_image","twitter_site":"@Betterplaceapp","schema":{"@context":"https:\/\/schema.org","@graph":[{"@type":"Organization","@id":"https:\/\/betterplaceweb.com\/#organization","name":"Betterplace","url":"https:\/\/betterplaceweb.com\/","sameAs":["https:\/\/www.facebook.com\/betterplaceapp\/","https:\/\/www.instagram.com\/betterplace_app\/","https:\/\/www.linkedin.com\/company\/10589807\/","https:\/\/www.youtube.com\/channel\/UC32SRP3VDH-3JIfj8PP8LOA","https:\/\/twitter.com\/Betterplaceapp"],"logo":{"@type":"ImageObject","@id":"https:\/\/betterplaceweb.com\/#logo","inLanguage":"pt-PT","url":"https:\/\/betterplaceweb.com\/wp-content\/uploads\/2020\/06\/logo_better_header_black.png","contentUrl":"https:\/\/betterplaceweb.com\/wp-content\/uploads\/2020\/06\/logo_better_header_black.png","width":380,"height":79,"caption":"Betterplace"},"image":{"@id":"https:\/\/betterplaceweb.com\/#logo"}},{"@type":"WebSite","@id":"https:\/\/betterplaceweb.com\/#website","url":"https:\/\/betterplaceweb.com\/","name":"Software para aumentar tus captaciones | Betterplace","description":"Valoraci\u00f3n de viviendas, captaci\u00f3n de particulares y estudios de mercado, Betterplace es compatible con tu CRM y agiliza el trabajo de tu agentes!","publisher":{"@id":"https:\/\/betterplaceweb.com\/#organization"},"potentialAction":[{"@type":"SearchAction","target":{"@type":"EntryPoint","urlTemplate":"https:\/\/betterplaceweb.com\/?s={search_term_string}"},"query-input":"required name=search_term_string"}],"inLanguage":"pt-PT"},{"@type":"WebPage","@id":"https:\/\/betterplaceweb.com\/pt-pt\/aviso-legal\/#webpage","url":"https:\/\/betterplaceweb.com\/pt-pt\/aviso-legal\/","name":"Aviso Legal - Software Imobili\u00e1rio | Para Aumentar Angaria\u00e7\u00f5es","isPartOf":{"@id":"https:\/\/betterplaceweb.com\/#website"},"datePublished":"2020-08-20T07:50:15+00:00","dateModified":"2022-07-15T10:40:58+00:00","description":"Aviso Legal | Software Imobili\u00e1rio | Para Aumentar Angaria\u00e7\u00f5es | Betterplace","breadcrumb":{"@id":"https:\/\/betterplaceweb.com\/pt-pt\/aviso-legal\/#breadcrumb"},"inLanguage":"pt-PT","potentialAction":[{"@type":"ReadAction","target":["https:\/\/betterplaceweb.com\/pt-pt\/aviso-legal\/"]}]},{"@type":"BreadcrumbList","@id":"https:\/\/betterplaceweb.com\/pt-pt\/aviso-legal\/#breadcrumb","itemListElement":[{"@type":"ListItem","position":1,"name":"Portada","item":"https:\/\/betterplaceweb.com\/pt-pt\/"},{"@type":"ListItem","position":2,"name":"Aviso Legal"}]}]}},"_links":{"self":[{"href":"https:\/\/betterplaceweb.com\/pt-pt\/wp-json\/wp\/v2\/pages\/13080"}],"collection":[{"href":"https:\/\/betterplaceweb.com\/pt-pt\/wp-json\/wp\/v2\/pages"}],"about":[{"href":"https:\/\/betterplaceweb.com\/pt-pt\/wp-json\/wp\/v2\/types\/page"}],"author":[{"embeddable":true,"href":"https:\/\/betterplaceweb.com\/pt-pt\/wp-json\/wp\/v2\/users\/6"}],"replies":[{"embeddable":true,"href":"https:\/\/betterplaceweb.com\/pt-pt\/wp-json\/wp\/v2\/comments?post=13080"}],"version-history":[{"count":0,"href":"https:\/\/betterplaceweb.com\/pt-pt\/wp-json\/wp\/v2\/pages\/13080\/revisions"}],"wp:attachment":[{"href":"https:\/\/betterplaceweb.com\/pt-pt\/wp-json\/wp\/v2\/media?parent=13080"}],"curies":[{"name":"wp","href":"https:\/\/api.w.org\/{rel}","templated":true}]}}